{"id":2251,"date":"2023-01-09T11:10:03","date_gmt":"2023-01-09T09:10:03","guid":{"rendered":"https:\/\/mrlasku.fi\/?page_id=2251"},"modified":"2023-02-28T15:16:18","modified_gmt":"2023-02-28T13:16:18","slug":"palgakalkulaator","status":"publish","type":"page","link":"https:\/\/mrlasku.fi\/en\/palgakalkulaator\/","title":{"rendered":"Salary calculator"},"content":{"rendered":"\t\t<div data-elementor-type=\"wp-page\" data-elementor-id=\"2251\" class=\"elementor elementor-2251\" data-elementor-post-type=\"page\">\n\t\t\t\t\t\t<section class=\"elementor-section elementor-top-section elementor-element elementor-element-38c8412 elementor-section-boxed elementor-section-height-default elementor-section-height-default\" data-id=\"38c8412\" data-element_type=\"section\" data-e-type=\"section\">\n\t\t\t\t\t\t<div class=\"elementor-container elementor-column-gap-default\">\n\t\t\t\t\t<div class=\"elementor-column elementor-col-100 elementor-top-column elementor-element elementor-element-3c2fcda\" data-id=\"3c2fcda\" data-element_type=\"column\" data-e-type=\"column\">\n\t\t\t<div class=\"elementor-widget-wrap elementor-element-populated\">\n\t\t\t\t\t\t<div class=\"elementor-element elementor-element-44a3444 elementor-widget elementor-widget-spacer\" data-id=\"44a3444\" data-element_type=\"widget\" data-e-type=\"widget\" data-widget_type=\"spacer.default\">\n\t\t\t\t<div class=\"elementor-widget-container\">\n\t\t\t\t\t\t\t<div class=\"elementor-spacer\">\n\t\t\t<div class=\"elementor-spacer-inner\"><\/div>\n\t\t<\/div>\n\t\t\t\t\t\t<\/div>\n\t\t\t\t<\/div>\n\t\t\t\t\t<\/div>\n\t\t<\/div>\n\t\t\t\t\t<\/div>\n\t\t<\/section>\n\t\t\t\t<section class=\"elementor-section elementor-top-section elementor-element elementor-element-c8e1b5f elementor-section-boxed elementor-section-height-default elementor-section-height-default\" data-id=\"c8e1b5f\" data-element_type=\"section\" data-e-type=\"section\">\n\t\t\t\t\t\t<div class=\"elementor-container elementor-column-gap-default\">\n\t\t\t\t\t<div class=\"elementor-column elementor-col-100 elementor-top-column elementor-element elementor-element-2a87fd6\" data-id=\"2a87fd6\" data-element_type=\"column\" data-e-type=\"column\">\n\t\t\t<div class=\"elementor-widget-wrap elementor-element-populated\">\n\t\t\t\t\t\t<div class=\"elementor-element elementor-element-6cd894d elementor-widget elementor-widget-heading\" data-id=\"6cd894d\" data-element_type=\"widget\" data-e-type=\"widget\" data-widget_type=\"heading.default\">\n\t\t\t\t<div class=\"elementor-widget-container\">\n\t\t\t\t\t<h2 class=\"elementor-heading-title elementor-size-default\">PALGAKALKULAATOR<\/h2>\t\t\t\t<\/div>\n\t\t\t\t<\/div>\n\t\t\t\t<div class=\"elementor-element elementor-element-e2b33ff elementor-widget elementor-widget-spacer\" data-id=\"e2b33ff\" data-element_type=\"widget\" data-e-type=\"widget\" data-widget_type=\"spacer.default\">\n\t\t\t\t<div class=\"elementor-widget-container\">\n\t\t\t\t\t\t\t<div class=\"elementor-spacer\">\n\t\t\t<div class=\"elementor-spacer-inner\"><\/div>\n\t\t<\/div>\n\t\t\t\t\t\t<\/div>\n\t\t\t\t<\/div>\n\t\t\t\t\t<\/div>\n\t\t<\/div>\n\t\t\t\t\t<\/div>\n\t\t<\/section>\n\t\t\t\t<section class=\"elementor-section elementor-top-section elementor-element elementor-element-a8a742c elementor-section-boxed elementor-section-height-default elementor-section-height-default\" data-id=\"a8a742c\" data-element_type=\"section\" data-e-type=\"section\">\n\t\t\t\t\t\t<div class=\"elementor-container elementor-column-gap-default\">\n\t\t\t\t\t<div class=\"elementor-column elementor-col-33 elementor-top-column elementor-element elementor-element-bbf7f88\" data-id=\"bbf7f88\" data-element_type=\"column\" data-e-type=\"column\">\n\t\t\t<div class=\"elementor-widget-wrap\">\n\t\t\t\t\t\t\t<\/div>\n\t\t<\/div>\n\t\t\t\t<div class=\"elementor-column elementor-col-33 elementor-top-column elementor-element elementor-element-b9833b0\" data-id=\"b9833b0\" data-element_type=\"column\" data-e-type=\"column\">\n\t\t\t<div class=\"elementor-widget-wrap elementor-element-populated\">\n\t\t\t\t\t\t<div class=\"elementor-element elementor-element-61607b3 elementor-widget elementor-widget-shortcode\" data-id=\"61607b3\" data-element_type=\"widget\" data-e-type=\"widget\" data-widget_type=\"shortcode.default\">\n\t\t\t\t<div class=\"elementor-widget-container\">\n\t\t\t\t\t\t\t<div class=\"elementor-shortcode\"><div class=\"frm_forms  with_frm_style frm_center_submit frm_style_formidable-style\" id=\"frm_form_10_container\" data-token=\"4bbcd2686aebbd7598f8916792ad63e5\">\n<form enctype=\"multipart\/form-data\" method=\"post\" class=\"frm-show-form  frm_ajax_submit  frm_pro_form \" id=\"form_nidispalk\" data-token=\"4bbcd2686aebbd7598f8916792ad63e5\">\n<div class=\"frm_form_fields \">\n<fieldset>\n<legend class=\"frm_screen_reader\">94 N\u00e4idispalk<\/legend>\r\n\r\n<div class=\"frm_fields_container\">\n<input type=\"hidden\" name=\"frm_action\" value=\"create\" \/>\n<input type=\"hidden\" name=\"form_id\" value=\"10\" \/>\n<input type=\"hidden\" name=\"frm_hide_fields_10\" id=\"frm_hide_fields_10\" value=\"\" \/>\n<input type=\"hidden\" name=\"form_key\" value=\"nidispalk\" \/>\n<input type=\"hidden\" name=\"item_meta[0]\" value=\"\" \/>\n<input type=\"hidden\" id=\"frm_submit_entry_10\" name=\"frm_submit_entry_10\" value=\"68fc13b46b\" \/><input type=\"hidden\" name=\"_wp_http_referer\" value=\"\/en\/wp-json\/wp\/v2\/pages\/2251\" \/>\t\t<input  type=\"hidden\" name=\"item_meta[268]\" id=\"field_tuaxa\" value=\"NO\"  data-frmval=\"NO\"   \/>\n\t\t<div id=\"frm_field_183_container\" class=\"frm_form_field form-field  frm_top_container frm6 frm_first\">\r\n    <label for=\"field_9r247\" id=\"field_9r247_label\" class=\"frm_primary_label\">Sisesta arve summa\r\n        <span class=\"frm_required\" aria-hidden=\"true\"><\/span>\r\n    <\/label>\r\n    <input type=\"number\" id=\"field_9r247\" name=\"item_meta[183]\" value=\"\" data-invmsg=\"Number is invalid\" aria-invalid=\"false\"   min=\"0\" max=\"9999999\" step=\"any\" \/>\r\n    \r\n    \r\n<\/div>\n<div id=\"frm_field_184_container\" class=\"frm_form_field form-field  frm_top_container frm6\">\r\n    <label for=\"field_mp6fh\" id=\"field_mp6fh_label\" class=\"frm_primary_label\">Teenustasu 6%\r\n        <span class=\"frm_required\" aria-hidden=\"true\"><\/span>\r\n    <\/label>\r\n    <input type=\"number\" id=\"field_mp6fh\" name=\"item_meta[184]\" value=\"\" data-invmsg=\"Number is invalid\" aria-invalid=\"false\"   min=\"0\" max=\"9999999\" step=\"any\" \/>\r\n    \r\n    \r\n<\/div>\n<div id=\"frm_field_185_container\" class=\"frm_form_field form-field  frm_top_container frm6 frm_first\">\r\n    <label for=\"field_afgjl\" id=\"field_afgjl_label\" class=\"frm_primary_label\">Tulumaksu % \r\n        <span class=\"frm_required\" aria-hidden=\"true\"><\/span>\r\n    <\/label>\r\n    <input type=\"number\" id=\"field_afgjl\" name=\"item_meta[185]\" value=\"\" data-invmsg=\"Number is invalid\" aria-invalid=\"false\"   min=\"0\" max=\"9999999\" step=\"any\" \/>\r\n    \r\n    \r\n<\/div>\n<div id=\"frm_field_188_container\" class=\"frm_form_field form-field  frm_top_container frm6\">\r\n    <label for=\"field_qd1zr\" id=\"field_qd1zr_label\" class=\"frm_primary_label\">Tulumaks\r\n        <span class=\"frm_required\" aria-hidden=\"true\"><\/span>\r\n    <\/label>\r\n    <input type=\"number\" id=\"field_qd1zr\" name=\"item_meta[188]\" value=\"\" data-invmsg=\"Number is invalid\" aria-invalid=\"false\"   min=\"0\" max=\"9999999\" step=\"any\" \/>\r\n    \r\n    \r\n<\/div>\n<div id=\"frm_field_187_container\" class=\"frm_form_field form-field  frm_top_container frm6 frm_first\">\r\n    <label for=\"field_ed3ib\" id=\"field_ed3ib_label\" class=\"frm_primary_label\">Vanus\r\n        <span class=\"frm_required\" aria-hidden=\"true\"><\/span>\r\n    <\/label>\r\n    <input type=\"number\" id=\"field_ed3ib\" name=\"item_meta[187]\" value=\"\" data-invmsg=\"Number is invalid\" aria-invalid=\"false\"   min=\"0\" max=\"9999999\" step=\"any\" \/>\r\n    \r\n    \r\n<\/div>\n<div id=\"frm_field_186_container\" class=\"frm_form_field form-field  frm_top_container frm6\">\r\n    <label for=\"field_n8i37\" id=\"field_n8i37_label\" class=\"frm_primary_label\">Bruto t\u00f6\u00f6tasu\r\n        <span class=\"frm_required\" aria-hidden=\"true\"><\/span>\r\n    <\/label>\r\n    <input type=\"number\" id=\"field_n8i37\" name=\"item_meta[186]\" value=\"\" data-invmsg=\"Number is invalid\" aria-invalid=\"false\"   min=\"0\" max=\"9999999\" step=\"any\" \/>\r\n    \r\n    \r\n<\/div>\n<div id=\"frm_field_192_container\" class=\"frm_form_field form-field  frm_top_container frm6 frm_first\">\r\n    <label for=\"field_th8e6\" id=\"field_th8e6_label\" class=\"frm_primary_label\">S\u00f6\u00f6gih\u00fcvitis 13,25eurot\r\n        <span class=\"frm_required\" aria-hidden=\"true\"><\/span>\r\n    <\/label>\r\n    <input type=\"number\" id=\"field_th8e6\" name=\"item_meta[192]\" value=\"\" data-invmsg=\"Number is invalid\" aria-invalid=\"false\"   min=\"0\" max=\"9999999\" step=\"any\" \/>\r\n    \r\n    \r\n<\/div>\n<div id=\"frm_field_248_container\" class=\"frm_form_field form-field  frm_top_container frm6\">\r\n    <label for=\"field_n7axx\" id=\"field_n7axx_label\" class=\"frm_primary_label\">S\u00f6\u00f6gih\u00fcvitis kokku\r\n        <span class=\"frm_required\" aria-hidden=\"true\"><\/span>\r\n    <\/label>\r\n    <input type=\"number\" id=\"field_n7axx\" name=\"item_meta[248]\" value=\"\" data-invmsg=\"Number is invalid\" aria-invalid=\"false\"   min=\"0\" max=\"9999999\" step=\"any\" \/>\r\n    \r\n    \r\n<\/div>\n<div id=\"frm_field_189_container\" class=\"frm_form_field form-field  frm_top_container frm6 frm_first\">\r\n    <label for=\"field_i0002\" id=\"field_i0002_label\" class=\"frm_primary_label\">Kilomeetri h\u00fcvitis 0,27 eurot\r\n        <span class=\"frm_required\" aria-hidden=\"true\"><\/span>\r\n    <\/label>\r\n    <input type=\"number\" id=\"field_i0002\" name=\"item_meta[189]\" value=\"\" data-invmsg=\"Number is invalid\" aria-invalid=\"false\"   min=\"0\" max=\"9999999\" step=\"any\" \/>\r\n    \r\n    \r\n<\/div>\n<div id=\"frm_field_247_container\" class=\"frm_form_field form-field  frm_top_container frm6\">\r\n    <label for=\"field_dc41e\" id=\"field_dc41e_label\" class=\"frm_primary_label\">Kilomeetri h\u00fcvitis kokku\r\n        <span class=\"frm_required\" aria-hidden=\"true\"><\/span>\r\n    <\/label>\r\n    <input type=\"number\" id=\"field_dc41e\" name=\"item_meta[247]\" value=\"\" data-invmsg=\"Number is invalid\" aria-invalid=\"false\"   min=\"0\" max=\"9999999\" step=\"any\" \/>\r\n    \r\n    \r\n<\/div>\n<div id=\"frm_field_195_container\" class=\"frm_form_field form-field  frm_top_container frm6 frm_first\">\r\n    <label for=\"field_fqvwm\" id=\"field_fqvwm_label\" class=\"frm_primary_label\">P\u00e4evarahad\r\n        <span class=\"frm_required\" aria-hidden=\"true\"><\/span>\r\n    <\/label>\r\n    \t\t<select name=\"item_meta[195]\" id=\"field_fqvwm\"  data-invmsg=\"P\u00e4evarahad is invalid\" aria-invalid=\"false\"  >\n\t\t<option  value=\"\" selected='selected'> <\/option><option  value=\"24\">6h-24 euro<\/option><option  value=\"53\">10h- 53 euro<\/option>\t<\/select>\n\t\r\n    \r\n    \r\n<\/div>\n<div id=\"frm_field_250_container\" class=\"frm_form_field form-field  frm_top_container frm6\">\r\n    <label for=\"field_6m2is\" id=\"field_6m2is_label\" class=\"frm_primary_label\">P\u00e4evarahad kokku\r\n        <span class=\"frm_required\" aria-hidden=\"true\"><\/span>\r\n    <\/label>\r\n    <input type=\"number\" id=\"field_6m2is\" name=\"item_meta[250]\" value=\"\" data-invmsg=\"Number is invalid\" aria-invalid=\"false\"   min=\"0\" max=\"9999999\" step=\"any\" \/>\r\n    \r\n    \r\n<\/div>\n<div id=\"frm_field_196_container\" class=\"frm_form_field form-field  frm_top_container frm6 frm_first\">\r\n    <label for=\"field_npa5d\" id=\"field_npa5d_label\" class=\"frm_primary_label\">P\u00e4evade kogus\r\n        <span class=\"frm_required\" aria-hidden=\"true\"><\/span>\r\n    <\/label>\r\n    <input type=\"number\" id=\"field_npa5d\" name=\"item_meta[196]\" value=\"\" data-invmsg=\"Number is invalid\" aria-invalid=\"false\"   min=\"0\" max=\"9999999\" step=\"any\" \/>\r\n    \r\n    \r\n<\/div>\n<div id=\"frm_field_191_container\" class=\"frm_form_field form-field  frm_top_container frm6\">\r\n    <label for=\"field_ukua5\" id=\"field_ukua5_label\" class=\"frm_primary_label\">Kindlustus 4,15%\r\n        <span class=\"frm_required\" aria-hidden=\"true\"><\/span>\r\n    <\/label>\r\n    <input type=\"number\" id=\"field_ukua5\" name=\"item_meta[191]\" value=\"\" data-invmsg=\"Number is invalid\" aria-invalid=\"false\"   min=\"0\" max=\"9999999\" step=\"any\" \/>\r\n    \r\n    \r\n<\/div>\n<div id=\"frm_field_197_container\" class=\"frm_form_field form-field  frm_top_container frm6  frm12 frm_first\">\r\n    <label for=\"field_khi9m\" id=\"field_khi9m_label\" class=\"frm_primary_label\">Muud kulud\r\n        <span class=\"frm_required\" aria-hidden=\"true\"><\/span>\r\n    <\/label>\r\n    <input type=\"number\" id=\"field_khi9m\" name=\"item_meta[197]\" value=\"\" data-invmsg=\"Number is invalid\" aria-invalid=\"false\"   min=\"0\" max=\"9999999\" step=\"any\" \/>\r\n    \r\n    \r\n<\/div>\n<div id=\"frm_field_267_container\" class=\"frm_form_field form-field  frm_top_container frm6\">\r\n    <label for=\"field_i5ccp\" id=\"field_i5ccp_label\" class=\"frm_primary_label\">H\u00fcvitised kokku\r\n        <span class=\"frm_required\" aria-hidden=\"true\"><\/span>\r\n    <\/label>\r\n    <input type=\"number\" id=\"field_i5ccp\" name=\"item_meta[267]\" value=\"\" data-invmsg=\"Number is invalid\" aria-invalid=\"false\"   min=\"0\" max=\"9999999\" step=\"any\" \/>\r\n    \r\n    \r\n<\/div>\n<div id=\"frm_field_251_container\" class=\"frm_form_field form-field  frm_top_container frm3 frm_first\">\r\n    <label for=\"field_ir8jg\" id=\"field_ir8jg_label\" class=\"frm_primary_label\">YEL-pension 18a-52a\r\n        <span class=\"frm_required\" aria-hidden=\"true\"><\/span>\r\n    <\/label>\r\n    \t\t<select name=\"item_meta[251]\" id=\"field_ir8jg\"  data-invmsg=\"YEL-pension 18a-52a is invalid\" aria-invalid=\"false\"  >\n\t\t<option  value=\"\" selected='selected'>vali<\/option><option  value=\"144\">9208 \u20ac-144\u20ac\/kk<\/option><option  value=\"235\">15000 \u20ac \u2013 235 \u20ac\/kk<\/option><option  value=\"392\">25000 \u20ac \u2013 392 \u20ac\/kk<\/option>\t<\/select>\n\t\r\n    \r\n    \r\n<\/div>\n<div id=\"frm_field_253_container\" class=\"frm_form_field form-field  frm_top_container frm3\">\r\n    <label for=\"field_mw2bc\" id=\"field_mw2bc_label\" class=\"frm_primary_label\">YEL-pension 53a-62a\r\n        <span class=\"frm_required\" aria-hidden=\"true\"><\/span>\r\n    <\/label>\r\n    \t\t<select name=\"item_meta[253]\" id=\"field_mw2bc\"  data-invmsg=\"YEL-pension 53a-62a is invalid\" aria-invalid=\"false\"  >\n\t\t<option  value=\"\" selected='selected'>vali<\/option><option  value=\"153\">9208 \u20ac \u2013 153 \u20ac\/kk<\/option><option  value=\"250\">15000 \u20ac \u2013 250 \u20ac\/kk<\/option><option  value=\"416\">25000 \u20ac \u2013 416 \u20ac\/kk<\/option>\t<\/select>\n\t\r\n    \r\n    \r\n<\/div>\n<div id=\"frm_field_252_container\" class=\"frm_form_field form-field  frm_top_container frm3\">\r\n    <label for=\"field_l027e\" id=\"field_l027e_label\" class=\"frm_primary_label\">YEL-pension 63a\r\n        <span class=\"frm_required\" aria-hidden=\"true\"><\/span>\r\n    <\/label>\r\n    \t\t<select name=\"item_meta[252]\" id=\"field_l027e\"  data-invmsg=\"YEL-pension 63a is invalid\" aria-invalid=\"false\"  >\n\t\t<option  value=\"\" selected='selected'>vali<\/option><option  value=\"144\">9208 \u20ac-144\u20ac\/kk<\/option><option  value=\"235\">15000 \u20ac \u2013 235 \u20ac\/kk<\/option><option  value=\"392\">25000 \u20ac \u2013 392 \u20ac\/kk<\/option>\t<\/select>\n\t\r\n    \r\n    \r\n<\/div>\n<div id=\"frm_field_255_container\" class=\"frm_form_field form-field  frm_top_container frm3\">\r\n    <label for=\"field_neww9\" id=\"field_neww9_label\" class=\"frm_primary_label\">YEL-pensioni tasu\r\n        <span class=\"frm_required\" aria-hidden=\"true\"><\/span>\r\n    <\/label>\r\n    <input type=\"number\" id=\"field_neww9\" name=\"item_meta[255]\" value=\"\" data-invmsg=\"Number is invalid\" aria-invalid=\"false\"   min=\"0\" max=\"9999999\" step=\"any\" \/>\r\n    \r\n    \r\n<\/div>\n<div id=\"frm_field_193_container\" class=\"frm_form_field form-field  frm_top_container frm12 frm12 frm_first\">\r\n    <label for=\"field_gpa1j\" id=\"field_gpa1j_label\" class=\"frm_primary_label\">V\u00c4LJAMAKSTAV SUMMA\r\n        <span class=\"frm_required\" aria-hidden=\"true\"><\/span>\r\n    <\/label>\r\n    <input type=\"number\" id=\"field_gpa1j\" name=\"item_meta[193]\" value=\"\" data-invmsg=\"Number is invalid\" aria-invalid=\"false\"   min=\"0\" max=\"9999999\" step=\"any\" \/>\r\n    \r\n    \r\n<\/div>\n<div id=\"frm_field_566_container\" class=\"frm_form_field form-field \">\n\t<div class=\"frm_submit\">\r\n\r\n<button class=\"frm_button_submit frm_final_submit\" type=\"submit\"  >Saada<\/button>\r\n\r\n\r\n<\/div>\n<\/div>\n\t<input type=\"hidden\" name=\"item_key\" value=\"\" \/>\n\t<input name=\"frm_state\" type=\"hidden\" value=\"Eri3IzRyVITFzRUgYylx+ajBbDJX71KLDOUqrg2PcBk=\" \/><\/div>\n<\/fieldset>\n<\/div>\n\n<\/form>\n<\/div>\n<\/div>\n\t\t\t\t\t\t<\/div>\n\t\t\t\t<\/div>\n\t\t\t\t\t<\/div>\n\t\t<\/div>\n\t\t\t\t<div class=\"elementor-column elementor-col-33 elementor-top-column elementor-element elementor-element-6f390f3\" data-id=\"6f390f3\" data-element_type=\"column\" data-e-type=\"column\">\n\t\t\t<div class=\"elementor-widget-wrap\">\n\t\t\t\t\t\t\t<\/div>\n\t\t<\/div>\n\t\t\t\t\t<\/div>\n\t\t<\/section>\n\t\t\t\t<section class=\"elementor-section elementor-top-section elementor-element elementor-element-718274d elementor-section-boxed elementor-section-height-default elementor-section-height-default\" data-id=\"718274d\" data-element_type=\"section\" data-e-type=\"section\">\n\t\t\t\t\t\t<div class=\"elementor-container elementor-column-gap-default\">\n\t\t\t\t\t<div class=\"elementor-column elementor-col-100 elementor-top-column elementor-element elementor-element-8429ee8\" data-id=\"8429ee8\" data-element_type=\"column\" data-e-type=\"column\">\n\t\t\t<div class=\"elementor-widget-wrap elementor-element-populated\">\n\t\t\t\t\t\t<div class=\"elementor-element elementor-element-67f46b4 elementor-widget elementor-widget-spacer\" data-id=\"67f46b4\" data-element_type=\"widget\" data-e-type=\"widget\" data-widget_type=\"spacer.default\">\n\t\t\t\t<div class=\"elementor-widget-container\">\n\t\t\t\t\t\t\t<div class=\"elementor-spacer\">\n\t\t\t<div class=\"elementor-spacer-inner\"><\/div>\n\t\t<\/div>\n\t\t\t\t\t\t<\/div>\n\t\t\t\t<\/div>\n\t\t\t\t\t<\/div>\n\t\t<\/div>\n\t\t\t\t\t<\/div>\n\t\t<\/section>\n\t\t\t\t<\/div>\n\t\t","protected":false},"excerpt":{"rendered":"<p>SALARY CALCULATOR<\/p>","protected":false},"author":1,"featured_media":0,"parent":0,"menu_order":0,"comment_status":"closed","ping_status":"closed","template":"elementor_header_footer","meta":{"footnotes":""},"class_list":["post-2251","page","type-page","status-publish","hentry"],"_links":{"self":[{"href":"https:\/\/mrlasku.fi\/en\/wp-json\/wp\/v2\/pages\/2251","targetHints":{"allow":["GET"]}}],"collection":[{"href":"https:\/\/mrlasku.fi\/en\/wp-json\/wp\/v2\/pages"}],"about":[{"href":"https:\/\/mrlasku.fi\/en\/wp-json\/wp\/v2\/types\/page"}],"author":[{"embeddable":true,"href":"https:\/\/mrlasku.fi\/en\/wp-json\/wp\/v2\/users\/1"}],"replies":[{"embeddable":true,"href":"https:\/\/mrlasku.fi\/en\/wp-json\/wp\/v2\/comments?post=2251"}],"version-history":[{"count":0,"href":"https:\/\/mrlasku.fi\/en\/wp-json\/wp\/v2\/pages\/2251\/revisions"}],"wp:attachment":[{"href":"https:\/\/mrlasku.fi\/en\/wp-json\/wp\/v2\/media?parent=2251"}],"curies":[{"name":"wp","href":"https:\/\/api.w.org\/{rel}","templated":true}]}}