{"id":3088,"date":"2023-02-14T15:22:42","date_gmt":"2023-02-14T13:22:42","guid":{"rendered":"https:\/\/mrlasku.fi\/?page_id=3088"},"modified":"2023-02-28T15:32:07","modified_gmt":"2023-02-28T13:32:07","slug":"privaatsuspoliitika","status":"publish","type":"page","link":"https:\/\/mrlasku.fi\/fi\/privaatsuspoliitika\/","title":{"rendered":"Tietosuojak\u00e4yt\u00e4nt\u00f6"},"content":{"rendered":"<div data-elementor-type=\"wp-page\" data-elementor-id=\"3088\" class=\"elementor elementor-3088\" data-elementor-post-type=\"page\">\n\t\t\t\t\t\t<section class=\"elementor-section elementor-top-section elementor-element elementor-element-5b320a0 elementor-section-boxed elementor-section-height-default elementor-section-height-default\" data-id=\"5b320a0\" data-element_type=\"section\" data-e-type=\"section\">\n\t\t\t\t\t\t<div class=\"elementor-container elementor-column-gap-default\">\n\t\t\t\t\t<div class=\"elementor-column elementor-col-100 elementor-top-column elementor-element elementor-element-160fbd9\" data-id=\"160fbd9\" data-element_type=\"column\" data-e-type=\"column\">\n\t\t\t<div class=\"elementor-widget-wrap elementor-element-populated\">\n\t\t\t\t\t\t<div class=\"elementor-element elementor-element-5f9a02f elementor-widget elementor-widget-spacer\" data-id=\"5f9a02f\" data-element_type=\"widget\" data-e-type=\"widget\" data-widget_type=\"spacer.default\">\n\t\t\t\t<div class=\"elementor-widget-container\">\n\t\t\t\t\t\t\t<div class=\"elementor-spacer\">\n\t\t\t<div class=\"elementor-spacer-inner\"><\/div>\n\t\t<\/div>\n\t\t\t\t\t\t<\/div>\n\t\t\t\t<\/div>\n\t\t\t\t<div class=\"elementor-element elementor-element-acd98c6 elementor-widget elementor-widget-heading\" data-id=\"acd98c6\" data-element_type=\"widget\" data-e-type=\"widget\" data-widget_type=\"heading.default\">\n\t\t\t\t<div class=\"elementor-widget-container\">\n\t\t\t\t\t<h2 class=\"elementor-heading-title elementor-size-default\">TIETOSUOJAK\u00c4YT\u00c4NT\u00d6<\/h2>\t\t\t\t<\/div>\n\t\t\t\t<\/div>\n\t\t\t\t<div class=\"elementor-element elementor-element-5bb60cb elementor-widget elementor-widget-spacer\" data-id=\"5bb60cb\" data-element_type=\"widget\" data-e-type=\"widget\" data-widget_type=\"spacer.default\">\n\t\t\t\t<div class=\"elementor-widget-container\">\n\t\t\t\t\t\t\t<div class=\"elementor-spacer\">\n\t\t\t<div class=\"elementor-spacer-inner\"><\/div>\n\t\t<\/div>\n\t\t\t\t\t\t<\/div>\n\t\t\t\t<\/div>\n\t\t\t\t<div class=\"elementor-element elementor-element-4417a62 elementor-widget elementor-widget-text-editor\" data-id=\"4417a62\" data-element_type=\"widget\" data-e-type=\"widget\" data-widget_type=\"text-editor.default\">\n\t\t\t\t<div class=\"elementor-widget-container\">\n\t\t\t\t\t\t\t\t\t<p style=\"text-align: center;\">Henkil\u00f6tietojen rekisterinpit\u00e4j\u00e4 mrlasku.fi -selvitysalustalla on\u00a0<strong>MR Lasku OY Suomi <\/strong>rekister\u00f6intikoodi\u00a0<strong>3152591-8<\/strong><\/p><p style=\"text-align: center;\">Hiilitie 7a,3 Vantaa, tunnus 01480 puh. (+372) 5554 4005<\/p><p style=\"text-align: center;\">s\u00e4hk\u00f6posti\u00a0<strong>lasku@mrlasku.fi<\/strong><\/p>\t\t\t\t\t\t\t\t<\/div>\n\t\t\t\t<\/div>\n\t\t\t\t<div class=\"elementor-element elementor-element-65a647d elementor-widget elementor-widget-text-editor\" data-id=\"65a647d\" data-element_type=\"widget\" data-e-type=\"widget\" data-widget_type=\"text-editor.default\">\n\t\t\t\t<div class=\"elementor-widget-container\">\n\t\t\t\t\t\t\t\t\t<p><b>1. HENKIL\u00d6TIETOJEN KOOSTUMUS JA TARKOITUKSET SEK\u00c4 K\u00c4SITTELYN PERUSTA<\/b><\/p>\n<p>MR Lasku k\u00e4sittelee henkil\u00f6tietoja yksinomaan suostumuksella tai lain perusteella. Asiakassuhteen hallintaan, palveluihin, analysointiin ja kehitystarkoituksiin, esim.<\/p>\n<ul>\n<li>K\u00e4ytt\u00e4j\u00e4tietojen yll\u00e4pito<\/li>\n<li>K\u00e4ytt\u00e4jien valtuuttamien teht\u00e4vien suorittaminen, kuten laskujen l\u00e4hett\u00e4minen, palkkojen maksaminen, vakuutusasioiden hoitaminen, perint\u00e4<\/li>\n<li>Kyselyt, kuten asiakastyytyv\u00e4isyystutkimukset<\/li>\n<li>Lakien, m\u00e4\u00e4r\u00e4ysten tai viranomaisten ohjeiden meille asetettujen velvoitteiden t\u00e4ytt\u00e4minen, kuten veroasioiden hoitaminen<\/li>\n<li>Henkil\u00f6tietojen k\u00e4sittely perustuu MR Lasku OY:n sopimukseen tai oikeutettuun etuun.<\/li>\n<li>K\u00e4ytt\u00e4ji\u00e4 profiloidaan ja henkil\u00f6tietojen perusteella voidaan tehd\u00e4 automaattiseen k\u00e4sittelyyn perustuvia p\u00e4\u00e4t\u00f6ksi\u00e4, kuten tarjota kohdistettuja lis\u00e4palveluita.<\/li>\n<\/ul>\n<p><strong>2. HENKIL\u00d6TIETOJEN KOOSTUMUS<\/strong><\/p>\n<p>Rekisteriin tallennetaan seuraavat tiedot:<\/p>\n<ul>\n<li>Nimi<\/li>\n<li>Yhteystiedot (puhelinnumero ja s\u00e4hk\u00f6postiosoite)<\/li>\n<li>Ik\u00e4<\/li>\n<li>Seksi\u00e4<\/li>\n<li>Ammatti<\/li>\n<li>Henkil\u00f6kohtainen koodi<\/li>\n<li>Verotiedot<\/li>\n<li>Mahdolliset t\u00e4yt\u00e4nt\u00f6\u00f6npanotiedot<\/li>\n<li>Palkanmaksuun liittyv\u00e4t tiedot<\/li>\n<li>Asiakastiedot, kuten tiedot asiakkaan valtuuttamista teht\u00e4vist\u00e4<\/li>\n<li>tarvittavat tunnistetiedot ja vuorovaikutukseen liittyv\u00e4t tekniset k\u00e4ytt\u00f6tilastot, kuten puhelintallenteet, ev\u00e4steet ja lokitiedot<\/li>\n<li>Tarvittaessa kansalaisuuteen ja ty\u00f6lupaan liittyv\u00e4t tiedot<\/li>\n<li>Tarvittaessa kopio henkil\u00f6llisyystodistuksesta<\/li>\n<\/ul>\n<p><strong>3. S\u00c4\u00c4NN\u00d6LLISET TIETOL\u00c4HTEET<\/strong><\/p>\n<p>Tiedot ker\u00e4t\u00e4\u00e4n p\u00e4\u00e4asiassa rekister\u00f6idyilt\u00e4 itselt\u00e4\u00e4n. Henkil\u00f6tietoja ker\u00e4t\u00e4\u00e4n ja p\u00e4ivitet\u00e4\u00e4n my\u00f6s henkil\u00f6tietopalveluita tarjoavilta laitoksilta.<\/p>\n<p><strong>4. ASIAKASTIETOJEN ILMOITTAMINEN JA\/TAI SIIRT\u00c4MINEN KOLMANSILLE OSAPUOLILLE<\/strong><\/p>\n<p>Luovutamme tietoja palveluntarjoajille, jotka k\u00e4sittelev\u00e4t henkil\u00f6tietoja MR Lasku OY:n puolesta sopimuksessa m\u00e4\u00e4r\u00e4ttyjen salassapitovelvollisuuksien ja tietosuojavelvoitteiden mukaisesti.<\/p>\n<p>Henkil\u00f6tietoja voidaan luovuttaa my\u00f6s mm. virastoille, joilla on oikeus p\u00e4\u00e4st\u00e4 k\u00e4siksi tietoihin sovellettavan lain sallimassa ja edellytt\u00e4m\u00e4ss\u00e4 laajuudessa.<\/p>\n<p>Tietoja siirret\u00e4\u00e4n EU:n yleisen tietosuoja-asetuksen (GDPR) puitteissa. Palveluntarjoajamme ovat velvollisia noudattamaan Euroopan unionin v\u00e4lisen ns. Privacy Shield -politiikan sopimuss\u00e4\u00e4nt\u00f6j\u00e4, jotka takaavat riitt\u00e4v\u00e4n tietosuojan tason. Kolmansilla osapuolilla ei ole oikeutta k\u00e4ytt\u00e4\u00e4 tietoja omiin tarkoituksiinsa.<\/p>\n<p><strong>5. HENKIL\u00d6TIETOJEN K\u00c4SITTELYN TURVALLISUUS<\/strong><\/p>\n<p>Henkil\u00f6tietoja s\u00e4ilytet\u00e4\u00e4n niin kauan kuin on tarpeen niiden tarkoitusten saavuttamiseksi, joita varten ne on ker\u00e4tty, mutta enint\u00e4\u00e4n 10 vuotta rekister\u00f6idyn viimeisest\u00e4 k\u00e4ytt\u00f6kerrasta, ellei rekister\u00f6ity ole peruuttanut mahdollista suostumustaan. Henkil\u00f6tietoja voidaan s\u00e4ilytt\u00e4\u00e4 pidemp\u00e4\u00e4n kuin on tarpeen lains\u00e4\u00e4d\u00e4nn\u00f6st\u00e4 tai muista viranomaisl\u00e4hteist\u00e4, kuten kirjanpitolaista, johtuvien velvoitteiden t\u00e4ytt\u00e4miseksi.<\/p>\n<p><strong>6. TIETOSUOJAHALLINNOINTI REKISTER\u00d6INT<\/strong><\/p>\n<p>Rekisteri\u00e4 s\u00e4ilytet\u00e4\u00e4n suojatulla palvelimella, johon p\u00e4\u00e4sev\u00e4t vain rekisterinpit\u00e4j\u00e4 ja rekisterinpit\u00e4j\u00e4n valtuuttamat tekniset yll\u00e4pit\u00e4j\u00e4t.<\/p>\n<p><strong>7. TIETOJEN OIKEUDET<\/strong><\/p>\n<p>Rekister\u00f6idyll\u00e4 on oikeus pyyt\u00e4\u00e4 rekisterinpit\u00e4j\u00e4lt\u00e4 p\u00e4\u00e4sy henkil\u00f6tietoihinsa, oikeus pyyt\u00e4\u00e4 henkil\u00f6tietojensa oikaisemista, rajoittamista tai poistamista sek\u00e4 oikeus vastustaa henkil\u00f6tietojensa k\u00e4sittely\u00e4.<\/p>\n<p>Rekister\u00f6idyll\u00e4 on my\u00f6s oikeus saada meille annetut henkil\u00f6tiedot yleisesti k\u00e4ytetyss\u00e4, koneellisesti luettavassa muodossa sek\u00e4 oikeus siirt\u00e4\u00e4 kyseiset tiedot toiselle rekisterinpit\u00e4j\u00e4lle. Rekister\u00f6idyill\u00e4 on oikeus saada henkil\u00f6tietonsa siirretty\u00e4 suoraan toiselle rekisterinpit\u00e4j\u00e4lle, mik\u00e4li se on teknisesti mahdollista.<\/p>\n<p><strong>8. OIKEUKSIEN K\u00c4YTT\u00d6 JA VAATIMUSTEN ESITT\u00c4MINEN<\/strong><\/p>\n<p>Rekister\u00f6idyll\u00e4 on oikeus tehd\u00e4 valitus toimivaltaiselle valvontaviranomaiselle, jos h\u00e4n havaitsee, ett\u00e4 MR Lasku OY ei ole noudattanut toiminnassaan soveltuvia tietosuojalakeja.<\/p>\n<p><strong>9. Ev\u00e4steet JA MUUT VERKKOKEKNOLOGIAT<\/strong><\/p>\n<p>MR LASKU OY:n tietosuojaseloste www.mrlasku.fi -sivustolla kuvaa kuinka k\u00e4yt\u00e4mme ja k\u00e4sittelemme tietoja ker\u00e4\u00e4m\u00e4ll\u00e4 tietoja sinusta, kun vierailet verkkosivuillamme. Verkkosivustomme k\u00e4ytt\u00e4j\u00e4n\u00e4 sallit ev\u00e4steiden asentamisen tietokoneellesi sallimalla ev\u00e4steet selaimesi asetuksista. Lue ohjeet ev\u00e4steiden est\u00e4miseen. T\u00e4m\u00e4 tietosuojak\u00e4yt\u00e4nt\u00f6 luotiin 18. elokuuta 2020 ja viimeksi p\u00e4ivitetty 31. tammikuuta 2023. Pid\u00e4t\u00e4mme oikeuden p\u00e4ivitt\u00e4\u00e4 ja muuttaa t\u00e4t\u00e4 tietosuojak\u00e4yt\u00e4nt\u00f6\u00e4.<\/p>\n<p><strong>Mit\u00e4 tietoja ker\u00e4\u00e4mme?<\/strong><\/p>\n<p>Kun vierailet verkkosivustollamme, ker\u00e4\u00e4mme sinusta tietoja, jotka liittyv\u00e4t verkkosivustomme k\u00e4ytt\u00f6\u00f6n ja k\u00e4ytt\u00f6kokemukseesi, kuten IP-osoitteesi, p\u00e4\u00e4te- ja selaimesi asetukset sek\u00e4 verkkosivustomme k\u00e4ytt\u00f6\u00f6n.<\/p>\n<p>IP-osoitettasi lukuun ottamatta ker\u00e4\u00e4mme henkil\u00f6tietojasi vain rekister\u00f6ityess\u00e4si mrlasku.fi-palveluun tai sellaisissa tapauksissa, kun luovutat henkil\u00f6tietojasi meille k\u00e4ytt\u00e4j\u00e4n\u00e4 (esimerkiksi yhteydenottolomakkeella).<\/p>\n<p><strong>Miten k\u00e4yt\u00e4mme t\u00e4t\u00e4 tietoa?<\/strong><\/p>\n<ul>\n<li>Yhteydenottopyynt\u00f6jen k\u00e4sittelyyn ja niihin vastaamiseen<\/li>\n<li>Jotta verkkosivustomme sis\u00e4lt\u00f6 n\u00e4kyy parhaiten k\u00e4ytt\u00e4m\u00e4ss\u00e4si laitteessa, se on yhteensopiva laitteesi kanssa<\/li>\n<li>Valvoaksemme verkkosivustomme k\u00e4ytt\u00f6\u00e4 ja parantaaksemme sen ominaisuuksia ja k\u00e4ytt\u00e4ji\u00e4<\/li>\n<li>Kokea<\/li>\n<li>Viestinn\u00e4n parantaminen ja potentiaalisten asiakkaiden tunnistaminen<\/li>\n<\/ul><div><br><\/div>\n<p>Sinulla on my\u00f6s oikeus kielt\u00e4\u00e4 tietojesi suora k\u00e4ytt\u00f6 markkinoinnissa. Kysymyksiin liittyv\u00e4t tiedustelut voi l\u00e4hett\u00e4\u00e4 osoitteeseen lasku@mrlasku.fi Mik\u00e4li et halua verkkosivujemme tallentavan ev\u00e4stetietoja, voit milloin tahansa kytke\u00e4 sen pois p\u00e4\u00e4lt\u00e4 itse selaimessasi.<\/p>\n<p><strong>10. T\u00c4RKE\u00c4T ASIAKIRJAT, OHJEET, TOIMENPITEET<\/strong><\/p>\n<p>MR LASKU OY:n tietosuojaehtojen toimeenpano perustuu seuraaviin asiakirjoihin, menettelytapoihin ja ohjeisiin:<\/p>\n<ul>\n<li>K\u00e4sittelytoimien rekisteri, joka sis\u00e4lt\u00e4\u00e4 kaikki henkil\u00f6tietojen k\u00e4sittelyn tarkoitukset ja menetelm\u00e4t, k\u00e4sitelt\u00e4vien henkil\u00f6tietojen tyypit ja luokat sek\u00e4 vastaavat k\u00e4sittelyperusteet.<\/li>\n<li>Henkil\u00f6kohtainen tili, jonka kautta rekister\u00f6ity p\u00e4\u00e4see k\u00e4siksi MR Lasku OY:n verkkosivuilla oleviin Henkil\u00f6tietoihin; voi korjata, muuttaa ja k\u00e4ytt\u00e4\u00e4 muita lain ja n\u00e4iden tietosuojaehtojen mukaisia \u200b\u200boikeuksia.<\/li>\n<li>MR Lasku OY:n organisatoristen ja teknisten toimenpiteiden k\u00e4yt\u00f6n periaatteet, joissa on esitetty MR Lasku OY:n toteuttamat toimenpiteet henkil\u00f6tietojen aina luottamuksellisuuden ja turvallisuuden s\u00e4ilytt\u00e4miseksi.<\/li>\n<\/ul>\n<p><strong>11. YHTEYSTIEDOT JA -TIEDOT<\/strong><\/p>\n<p>Henkil\u00f6tietoasioissa voi ottaa yhteytt\u00e4 MR LaskU OY:hen s\u00e4hk\u00f6postitse lasku@mrlaskufi. <u>Oletamme, ett\u00e4 kun aloitat MR Lasku OY:n www.mrlasku.fi -sivuston k\u00e4yt\u00f6n, olet lukenut ja hyv\u00e4ksynyt tietosuojaehdot<\/u><\/p>\t\t\t\t\t\t\t\t<\/div>\n\t\t\t\t<\/div>\n\t\t\t\t\t<\/div>\n\t\t<\/div>\n\t\t\t\t\t<\/div>\n\t\t<\/section>\n\t\t\t\t<section class=\"elementor-section elementor-top-section elementor-element elementor-element-30780f5 elementor-section-boxed elementor-section-height-default elementor-section-height-default\" data-id=\"30780f5\" data-element_type=\"section\" data-e-type=\"section\">\n\t\t\t\t\t\t<div class=\"elementor-container elementor-column-gap-default\">\n\t\t\t\t\t<div class=\"elementor-column elementor-col-100 elementor-top-column elementor-element elementor-element-06c1d01\" data-id=\"06c1d01\" data-element_type=\"column\" data-e-type=\"column\">\n\t\t\t<div class=\"elementor-widget-wrap elementor-element-populated\">\n\t\t\t\t\t\t<div class=\"elementor-element elementor-element-e782115 elementor-widget elementor-widget-spacer\" data-id=\"e782115\" data-element_type=\"widget\" data-e-type=\"widget\" data-widget_type=\"spacer.default\">\n\t\t\t\t<div class=\"elementor-widget-container\">\n\t\t\t\t\t\t\t<div class=\"elementor-spacer\">\n\t\t\t<div class=\"elementor-spacer-inner\"><\/div>\n\t\t<\/div>\n\t\t\t\t\t\t<\/div>\n\t\t\t\t<\/div>\n\t\t\t\t\t<\/div>\n\t\t<\/div>\n\t\t\t\t\t<\/div>\n\t\t<\/section>\n\t\t\t\t<\/div>","protected":false},"excerpt":{"rendered":"<p>PRIVAATSUSPOLIITIKA Arveldusplatvormil mrlasku.fi isikuandmete vastutav t\u00f6\u00f6tleja on\u00a0MR Lasku OY Soome registrikood\u00a03152591-8 Hiilietie 7a,3 Vantaa, Soome riik, kood 01480 \u00a0tel. (+372) 5554 4005 e-kiri\u00a0lasku@mrlasku.fi 1. ISIKUANDMETE KOOSSEIS NING T\u00d6\u00d6TLEMISE EESM\u00c4RGID JA ALUSED MR Lasku t\u00f6\u00f6tleb isikuandmeid eranditult n\u00f5usolekul v\u00f5i seaduse alusel. Kliendisuhete haldamise, teenuste, anal\u00fc\u00fcsi ja arenduse eesm\u00e4rgil, n\u00e4iteks: Kasutajaandmete hooldus Kasutajate poolt volitatud \u00fclesannete t\u00e4itmine, [&hellip;]<\/p>\n","protected":false},"author":1,"featured_media":0,"parent":0,"menu_order":0,"comment_status":"closed","ping_status":"closed","template":"","meta":{"footnotes":""},"class_list":["post-3088","page","type-page","status-publish","hentry"],"_links":{"self":[{"href":"https:\/\/mrlasku.fi\/fi\/wp-json\/wp\/v2\/pages\/3088","targetHints":{"allow":["GET"]}}],"collection":[{"href":"https:\/\/mrlasku.fi\/fi\/wp-json\/wp\/v2\/pages"}],"about":[{"href":"https:\/\/mrlasku.fi\/fi\/wp-json\/wp\/v2\/types\/page"}],"author":[{"embeddable":true,"href":"https:\/\/mrlasku.fi\/fi\/wp-json\/wp\/v2\/users\/1"}],"replies":[{"embeddable":true,"href":"https:\/\/mrlasku.fi\/fi\/wp-json\/wp\/v2\/comments?post=3088"}],"version-history":[{"count":0,"href":"https:\/\/mrlasku.fi\/fi\/wp-json\/wp\/v2\/pages\/3088\/revisions"}],"wp:attachment":[{"href":"https:\/\/mrlasku.fi\/fi\/wp-json\/wp\/v2\/media?parent=3088"}],"curies":[{"name":"wp","href":"https:\/\/api.w.org\/{rel}","templated":true}]}}