{"id":70,"date":"2022-08-03T07:50:30","date_gmt":"2022-08-03T07:50:30","guid":{"rendered":"https:\/\/mrlasku.fi\/?page_id=70"},"modified":"2023-02-28T14:42:20","modified_gmt":"2023-02-28T12:42:20","slug":"tingimused","status":"publish","type":"page","link":"https:\/\/mrlasku.fi\/fi\/tingimused\/","title":{"rendered":"Tingimused"},"content":{"rendered":"<div data-elementor-type=\"wp-page\" data-elementor-id=\"70\" class=\"elementor elementor-70\" data-elementor-post-type=\"page\">\n\t\t\t\t\t\t<section class=\"elementor-section elementor-top-section elementor-element elementor-element-945fed0 elementor-section-boxed elementor-section-height-default elementor-section-height-default\" data-id=\"945fed0\" data-element_type=\"section\" data-e-type=\"section\">\n\t\t\t\t\t\t<div class=\"elementor-container elementor-column-gap-default\">\n\t\t\t\t\t<div class=\"elementor-column elementor-col-100 elementor-top-column elementor-element elementor-element-cdc65f3\" data-id=\"cdc65f3\" data-element_type=\"column\" data-e-type=\"column\">\n\t\t\t<div class=\"elementor-widget-wrap elementor-element-populated\">\n\t\t\t\t\t\t<div class=\"elementor-element elementor-element-adbf3d5 elementor-widget elementor-widget-spacer\" data-id=\"adbf3d5\" data-element_type=\"widget\" data-e-type=\"widget\" data-widget_type=\"spacer.default\">\n\t\t\t\t<div class=\"elementor-widget-container\">\n\t\t\t\t\t\t\t<div class=\"elementor-spacer\">\n\t\t\t<div class=\"elementor-spacer-inner\"><\/div>\n\t\t<\/div>\n\t\t\t\t\t\t<\/div>\n\t\t\t\t<\/div>\n\t\t\t\t<div class=\"elementor-element elementor-element-fd99d14 elementor-widget elementor-widget-heading\" data-id=\"fd99d14\" data-element_type=\"widget\" data-e-type=\"widget\" data-widget_type=\"heading.default\">\n\t\t\t\t<div class=\"elementor-widget-container\">\n\t\t\t\t\t<h2 class=\"elementor-heading-title elementor-size-default\">K\u00c4YTT\u00d6EHDOT<\/h2>\t\t\t\t<\/div>\n\t\t\t\t<\/div>\n\t\t\t\t<div class=\"elementor-element elementor-element-a7d7ea3 elementor-widget elementor-widget-spacer\" data-id=\"a7d7ea3\" data-element_type=\"widget\" data-e-type=\"widget\" data-widget_type=\"spacer.default\">\n\t\t\t\t<div class=\"elementor-widget-container\">\n\t\t\t\t\t\t\t<div class=\"elementor-spacer\">\n\t\t\t<div class=\"elementor-spacer-inner\"><\/div>\n\t\t<\/div>\n\t\t\t\t\t\t<\/div>\n\t\t\t\t<\/div>\n\t\t\t\t<div class=\"elementor-element elementor-element-f9722b6 elementor-widget elementor-widget-text-editor\" data-id=\"f9722b6\" data-element_type=\"widget\" data-e-type=\"widget\" data-widget_type=\"text-editor.default\">\n\t\t\t\t<div class=\"elementor-widget-container\">\n\t\t\t\t\t\t\t\t\t<ol><li>Mrlaskufi-palvelun tarjoaa MR Lasku OY. N\u00e4iss\u00e4 termeiss\u00e4 \"MRLasku\", \"me\" tai \"me\" tarkoittaa MR Lasku OY:t\u00e4 tai muuta MR Lasku OY:n rekister\u00f6im\u00e4\u00e4 nime\u00e4. Palvelun k\u00e4ytt\u00e4j\u00e4 on tilaajan palveluksessa ty\u00f6skentelev\u00e4 urakoitsija, joka sopii itsen\u00e4isesti teht\u00e4vien ehdoista ja hinnoittelusta.<\/li><li>MR Lasku OY ei markkinoi tai myy palvelunk\u00e4ytt\u00e4jien t\u00f6it\u00e4. Myynninedist\u00e4mis- ja markkinointitoimenpiteist\u00e4 on sovittava erikseen MRlaskun ja palvelun k\u00e4ytt\u00e4j\u00e4n kesken.<\/li><li>Palvelun k\u00e4ytt\u00f6 edellytt\u00e4\u00e4 k\u00e4ytt\u00e4j\u00e4n luomista mrlasku.fi-sivulle. K\u00e4ytt\u00e4j\u00e4n luominen on ilmaista eik\u00e4 sido k\u00e4ytt\u00e4j\u00e4\u00e4 mihink\u00e4\u00e4n. MR Lasku tiedottaa k\u00e4ytt\u00e4j\u00e4tilin toiminnasta erillisell\u00e4 s\u00e4hk\u00f6postilla: \"Kiitos rekister\u00f6itymisest\u00e4. Nyt voit kirjautua palveluun.\"<\/li><li>MR Lasku ei ole mill\u00e4\u00e4n tavalla vastuussa k\u00e4ytt\u00e4jiens\u00e4 vastuusta tai velvollisuuksista heid\u00e4n ty\u00f6ss\u00e4\u00e4n. T\u00e4ss\u00e4 yhteydess\u00e4 vastuuseen ja vastuuseen sis\u00e4ltyv\u00e4t k\u00e4ytt\u00e4j\u00e4n ty\u00f6n aikana tai sen j\u00e4lkeen tapahtuneet virheet, viiv\u00e4stykset tai laiminly\u00f6nnit. Palvelun k\u00e4ytt\u00e4j\u00e4n tulee sopia itsen\u00e4isesti ty\u00f6n suorittamisesta asiakkaan kanssa. Mik\u00e4li palvelun k\u00e4ytt\u00e4j\u00e4 kielt\u00e4ytyy, ei pysty tai muutoin kykene korjaamaan itsens\u00e4 aiheuttamaa virhett\u00e4, MR Laskulla on oikeus korjata ty\u00f6n virheellinen tulos ja vaatia palvelun k\u00e4ytt\u00e4j\u00e4lt\u00e4 kustannukset. Palvelun k\u00e4ytt\u00e4j\u00e4n tulee varmistaa, ett\u00e4 toimeksiantaja ja kolmannet osapuolet ovat t\u00e4ysin tietoisia asemastamme ja osapuolten v\u00e4lisest\u00e4 vastuunjaosta.<\/li><li>Palvelun k\u00e4ytt\u00e4j\u00e4 on vakuutettu laissa s\u00e4\u00e4detyll\u00e4 vakuutuksella. MR Laskul OY-I:ll\u00e4 on enint\u00e4\u00e4n 1 000 000 euron vastuuvakuutus, joka vakuutuksen ehtojen mukaan korvaa p\u00e4\u00e4miehelle tai kolmansille osapuolille sek\u00e4 aineelliselle omaisuudelle ty\u00f6n aikana aiheutuneet vahingot. Palvelun k\u00e4ytt\u00e4j\u00e4 on velvollinen maksamaan vakuutuskorvauksen omavastuun. Vakuutus ei korvaa ammattitaidottomasta ty\u00f6st\u00e4 aiheutuneita vahinkoja. Jos toimiala, jolla palvelun k\u00e4ytt\u00e4j\u00e4 toimii, on viranomaisten valvonnassa, tulee MR Laskille toimittaa riitt\u00e4v\u00e4 ja oikea todistus ja dokumentaatio palvelun k\u00e4ytt\u00e4j\u00e4n ammatillisesta osaamisesta.<\/li><li>Palvelun k\u00e4ytt\u00e4j\u00e4 on velvollinen ottamaan YEL-el\u00e4kkeen, jos h\u00e4nen vuositulonsa ylitt\u00e4v\u00e4t 8 575 euroa (vuonna 2023). K\u00e4ytt\u00e4j\u00e4 voi allekirjoittaa el\u00e4kkeen my\u00f6s MR Laskun kautta valtakirjan perusteella.<\/li><li>Palvelun k\u00e4ytt\u00e4j\u00e4 vastaa itse tapaturmavakuutuksesta ja voi ottaa t\u00e4m\u00e4n vakuutuksen my\u00f6s valtakirjalla MR Laskun kautta. MR Lasku ei vastaa palvelun k\u00e4ytt\u00e4j\u00e4n ty\u00f6tapaturmasta, jos k\u00e4ytt\u00e4j\u00e4 ei ole ottanut tapaturmavakuutusta ja on sen j\u00e4lkeen sattunut ty\u00f6tapaturmaan.<\/li><li>MR Lasku OY takaa palvelun k\u00e4ytt\u00e4jien yksityisyyden \"Tietosuojalain (2018\/1050)\" ja \"S\u00e4hk\u00f6isen viestinn\u00e4n tietosuojalain (516\/2004)\" mukaisesti. Palvelun k\u00e4ytt\u00e4j\u00e4ll\u00e4 ei ole oikeutta laatia laskuja, hyvityksi\u00e4, lyhennyksi\u00e4 tai alihankintasopimuksia MR Laskun puolesta. Palvelun k\u00e4ytt\u00e4j\u00e4sopimukset tulee tehd\u00e4 siten, ett\u00e4 MR Lasku OY on hallintoyhti\u00f6 ja palvelun k\u00e4ytt\u00e4j\u00e4 vastaa sopimusvelvoitteistaan. Rahastoyhti\u00f6n toiminime\u00e4 ei saa k\u00e4ytt\u00e4\u00e4 arvonlis\u00e4verottomiin ostoihin EU:n sis\u00e4ll\u00e4 tai sen ulkopuolella.<\/li><li>Verkkosivuilla ilmoitettu palvelumaksu veloitetaan maksetuista maksuista. Palvelumaksu on progressiivinen ja riippuu palvelunk\u00e4ytt\u00e4j\u00e4n kokonaislaskusta. Palvelumaksu on kuusi prosenttia ja se lasketaan laskun arvonlis\u00e4verottoman hinnan perusteella. Palvelumaksua kohden ei ole erillist\u00e4 v\u00e4himm\u00e4ishintaa.<\/li><li>V\u00e4lit\u00f6n palkkapalvelumaksu on 5 %, joka tulee maksaa normaalin palvelumaksun lis\u00e4ksi. Pikamaksu on laskukohtainen ja sinun on valittava laskutuslomakkeesta erillinen pikamaksu. Nopea maksuaika riippuu laskun vahvistuksesta. Kiirpalgan k\u00e4ytt\u00e4j\u00e4 saa palkan pankkitililleen 3 vuorokauden kuluessa, mik\u00e4li laskun ty\u00f6nantaja vahvistaa. Lis\u00e4ksi laskun tulee olla riidaton, eik\u00e4 laskun p\u00e4\u00e4oma saa sis\u00e4lt\u00e4\u00e4 hyvitysominaisuuksia. Pikamaksun voimassaolo vahvistetaan suoraan ty\u00f6nantajalta, jos k\u00e4ytt\u00e4j\u00e4 ei ole toimittanut kirjallista vahvistusta laskulle. Kiirpalgan k\u00e4ytt\u00e4j\u00e4ll\u00e4 voi olla samanaikaisesti avoimia laskuja jopa 2 000 euroa.<\/li><li>Palvelun k\u00e4ytt\u00e4j\u00e4n tulee toimittaa verokortti MR Laskille palkanmaksua varten. Verokortti on esitett\u00e4v\u00e4 ennen ensimm\u00e4ist\u00e4 maksua. Asiakkaan kanssa on mahdollista tehd\u00e4 sopimus ennen verokortin toimittamista. Jos verokorttia ei toimiteta ennen ensimm\u00e4ist\u00e4 palkkaa, pid\u00e4t\u00e4mme palkasta 60 %.<\/li><li>MR Lasku maksaa palvelun k\u00e4ytt\u00e4j\u00e4lle laskun maksun saapuessa pankkitilille. Palkka maksetaan, kun kaikki tarvittavat tiedot (kuitit, matkakulut, tiedot, palkkioiden jakautuminen jne.) on asianmukaisesti toimitettu meille.<\/li><li>Teenuse kasutaja palk arvutatakse k\u00e4ibemaksuvaba arve summa alusel. K\u00e4ibemaksuvabast summast arvestatakse maha teenustasu kuus protsenti, (kui on s\u00f5lmitud siis ka \u00f5nnetusjuhtumikindlustus ja pensioni kindlustus), t\u00f6\u00f6andja kohustuslikud kulud ja teenuse kasutaja isiklikud mahaarvamised. Korralduse alusel makstavad palgad ja kulud lepitakse kokku nii \u00fchekordsete, sealhulgas puhkusekompensatsioonide osas.*Lisaks palgamaksele antakse kasutajale ka elektrooniline palga kirjeldus. Kasutajal on \u00f5igus n\u00f5uda ka t\u00f6\u00f6- ja palgat\u00f5endit. Lisaks ei pea teenuse kasutaja tegema eraldi deklaratsioone ega eraldi makseid teistele osapooltele.<\/li><li>Palvelun k\u00e4ytt\u00e4j\u00e4 on velvollinen noudattamaan turvallisuusm\u00e4\u00e4r\u00e4yksi\u00e4. Ty\u00f6h\u00f6n liittyv\u00e4t verovapautukset ja p\u00e4iv\u00e4rahat korvataan ansioiden perusteella. Kulut voidaan maksaa autostasi ja ty\u00f6h\u00f6n liittyvist\u00e4 materiaalikuluista (paitsi kodin ja ty\u00f6paikan v\u00e4liset matkat).<\/li><li>Palvelun k\u00e4ytt\u00e4j\u00e4 ei voi v\u00e4hent\u00e4\u00e4 k\u00e4ytt\u00f6omaisuuden hankintaa MR Laskun kautta, muuten kirjanpito-omaisuus siirtyy meille. Edell\u00e4 mainitut ostot on v\u00e4hennett\u00e4v\u00e4 palvelunk\u00e4ytt\u00e4j\u00e4n henkil\u00f6kohtaisen verotuksen yhteydess\u00e4. Palvelun k\u00e4ytt\u00e4j\u00e4 vastaa my\u00f6s siit\u00e4, ett\u00e4 ilmoitetut verovapaat kulut ja muut kulut ovat oikein ja enint\u00e4\u00e4n kahta kuukautta vanhoja (kulukuitit tulee toimittaa alkuper\u00e4isin\u00e4 viimeist\u00e4\u00e4n maksua tehdess\u00e4). MR Lasku pid\u00e4tt\u00e4\u00e4 oikeuden olla hyv\u00e4ksym\u00e4tt\u00e4 kulupyynt\u00f6j\u00e4.<\/li><li>Palvelun k\u00e4ytt\u00e4j\u00e4 on velvollinen sopia ty\u00f6st\u00e4 ja hinnoista asiakkaan kanssa. MR Lasku suosittelee kirjallisen ty\u00f6sopimuksen allekirjoittamista, josta ilmenee v\u00e4hint\u00e4\u00e4n ty\u00f6n v\u00e4himm\u00e4issis\u00e4lt\u00f6. K\u00e4ytt\u00e4j\u00e4n tulee m\u00e4\u00e4ritt\u00e4\u00e4 ty\u00f6ns\u00e4 kokonaiskustannus siten, ett\u00e4 bruttopalkka ei ole alempi kuin alalla voimassa oleva ty\u00f6sopimus. Palkkaus ei saa olla pienempi kuin toimialan minimipalkkas\u00e4\u00e4nn\u00f6kset, mukaan lukien verovapaiden etuuksien maksaminen. MR Lasku varaa oikeuden olla maksamatta, jos ep\u00e4ill\u00e4\u00e4n yll\u00e4 olevien s\u00e4\u00e4nt\u00f6jen rikkomista.<\/li><\/ol><p>\u00a0<\/p><p style=\"padding-left: 40px;\">\u00a0Lis\u00e4ksi:<\/p><ol><li style=\"list-style-type: none;\"><ol><li>Palvelun k\u00e4ytt\u00e4j\u00e4n tulee noudattaa Suomessa voimassa olevia lakeja.<\/li><li>Palvelun k\u00e4ytt\u00e4j\u00e4n on noudatettava ty\u00f6turvallisuusm\u00e4\u00e4r\u00e4yksi\u00e4 ja h\u00e4n on velvollinen tutustumaan tulevaan ty\u00f6h\u00f6n ja siihen liittyviin ty\u00f6turvallisuustoimenpiteisiin ennen ty\u00f6n aloittamista. Palvelun k\u00e4ytt\u00e4j\u00e4n on varmistettava, ett\u00e4 h\u00e4nell\u00e4 on ty\u00f6ss\u00e4 tarvittavat oikeat ja ajantasaiset suojavarusteet. Palvelun k\u00e4ytt\u00e4j\u00e4 on my\u00f6s vastuussa n\u00e4iden ty\u00f6kalujen k\u00e4yt\u00f6st\u00e4.<\/li><li>Palvelun k\u00e4ytt\u00e4j\u00e4n on viranomaisen valvonnassa todistettava p\u00e4tevyytens\u00e4 asianmukaisilla asiakirjoilla. Mik\u00e4li ty\u00f6 vaatii erillisi\u00e4 lisenssej\u00e4, vastaa palvelun k\u00e4ytt\u00e4j\u00e4 siit\u00e4, ett\u00e4 h\u00e4nell\u00e4 on oikeat ja ajantasaiset oikeudet. Luvanvaraiset ty\u00f6luvat on sovittava etuk\u00e4teen MR Laskun kanssa. Mik\u00e4li n\u00e4it\u00e4 ehtoja rikotaan, palvelun k\u00e4ytt\u00e4j\u00e4ll\u00e4 ei ole oikeutta korvaukseen MR Lasku Oy:n voimassa olevan vastuuvakuutuksen kautta.<\/li><li>Palvelun k\u00e4ytt\u00e4j\u00e4 on henkil\u00f6kohtaisesti vastuussa kaikkien antamiensa tietojen oikeellisuudesta. T\u00e4m\u00e4 koskee muun muassa laskutuslomakkeessa annettuja tietoja sek\u00e4 verovapaiden kulujen ja muiden kulujen ilmoitusta.<\/li><li>MR Lasku ei miss\u00e4\u00e4n olosuhteissa takaa urakoitsijan suorittamaa ty\u00f6t\u00e4 eik\u00e4 ole vastuussa \"Tuotevastuulaista (649\/1990)\" johtuvista vahingoista. Kevytyritt\u00e4j\u00e4 tunnistetaan sek\u00e4 verotuksen ett\u00e4 kirjanpidon kannalta MR Lasku Oy:n ty\u00f6ntekij\u00e4ksi.<\/li><li>Muissa asioissa, kuten ty\u00f6oikeudessa, ty\u00f6ntekij\u00e4n oikeudellinen asema voi vaihdella. Ty\u00f6tt\u00f6myysetuuden osalta kevytyritt\u00e4j\u00e4 voidaan luokitella yritt\u00e4j\u00e4ksi. El\u00e4kevakuutuksen osalta ty\u00f6ntekij\u00e4 vastaa YEL-vakuutuksen ottamisesta. MR Lasku mahdollistaa YEL-vakuutusvelvollisuuden ja tapaturmavakuutuksen palvelun kautta, joista MR Lasku pid\u00e4tt\u00e4\u00e4 maksun erikseen ennen palkan maksamista. Ennakonpid\u00e4tykset n\u00e4kyv\u00e4t palkkalaskelmassa.\u00a0<\/li><\/ol><\/li><\/ol><ul><li style=\"list-style-type: none;\">\u00a0<\/li><\/ul><p style=\"padding-left: 40px;\">\u00a0<\/p>\t\t\t\t\t\t\t\t<\/div>\n\t\t\t\t<\/div>\n\t\t\t\t\t<\/div>\n\t\t<\/div>\n\t\t\t\t\t<\/div>\n\t\t<\/section>\n\t\t\t\t<\/div>","protected":false},"excerpt":{"rendered":"<p>KASUTUSTINGIMUSED Mrlaskufi-teenust osutab MR Lasku OY. Nendes tingimustes viitab \u201cMRLasku\u201d, \u201cmeie\u201d v\u00f5i \u201cmeile\u201d MR Lasku OY-le v\u00f5i MR Lasku OY poolt registreeritud lisanimele. Teenuse kasutaja on t\u00f6\u00f6v\u00f5tja, kes t\u00f6\u00f6tab kliendi heaks ja lepib t\u00f6\u00f6\u00fclesannete ja hinnakujunduse tingimustes s\u00f5ltumatult kokku. MR Lasku OY ei turusta ega m\u00fc\u00fc teenuse kasutajate t\u00f6\u00f6d. MRlasku ja teenuse kasutaja vahel tuleb [&hellip;]<\/p>\n","protected":false},"author":1,"featured_media":0,"parent":0,"menu_order":0,"comment_status":"closed","ping_status":"closed","template":"elementor_header_footer","meta":{"footnotes":""},"class_list":["post-70","page","type-page","status-publish","hentry"],"_links":{"self":[{"href":"https:\/\/mrlasku.fi\/fi\/wp-json\/wp\/v2\/pages\/70","targetHints":{"allow":["GET"]}}],"collection":[{"href":"https:\/\/mrlasku.fi\/fi\/wp-json\/wp\/v2\/pages"}],"about":[{"href":"https:\/\/mrlasku.fi\/fi\/wp-json\/wp\/v2\/types\/page"}],"author":[{"embeddable":true,"href":"https:\/\/mrlasku.fi\/fi\/wp-json\/wp\/v2\/users\/1"}],"replies":[{"embeddable":true,"href":"https:\/\/mrlasku.fi\/fi\/wp-json\/wp\/v2\/comments?post=70"}],"version-history":[{"count":0,"href":"https:\/\/mrlasku.fi\/fi\/wp-json\/wp\/v2\/pages\/70\/revisions"}],"wp:attachment":[{"href":"https:\/\/mrlasku.fi\/fi\/wp-json\/wp\/v2\/media?parent=70"}],"curies":[{"name":"wp","href":"https:\/\/api.w.org\/{rel}","templated":true}]}}