{"id":1244,"date":"2022-12-01T09:11:27","date_gmt":"2022-12-01T07:11:27","guid":{"rendered":"https:\/\/mrlasku.fi\/?page_id=1244"},"modified":"2023-08-30T09:46:29","modified_gmt":"2023-08-30T07:46:29","slug":"liitu-3","status":"publish","type":"page","link":"https:\/\/mrlasku.fi\/ru\/liitu-3\/","title":{"rendered":"Liitu"},"content":{"rendered":"\t\t<div data-elementor-type=\"wp-page\" data-elementor-id=\"1244\" class=\"elementor elementor-1244\" data-elementor-post-type=\"page\">\n\t\t\t\t\t\t<section class=\"elementor-section elementor-top-section elementor-element elementor-element-f2f48e0 elementor-section-boxed elementor-section-height-default elementor-section-height-default\" data-id=\"f2f48e0\" data-element_type=\"section\" data-e-type=\"section\">\n\t\t\t\t\t\t<div class=\"elementor-container elementor-column-gap-default\">\n\t\t\t\t\t<div class=\"elementor-column elementor-col-33 elementor-top-column elementor-element elementor-element-ec468c1\" data-id=\"ec468c1\" data-element_type=\"column\" data-e-type=\"column\">\n\t\t\t<div class=\"elementor-widget-wrap\">\n\t\t\t\t\t\t\t<\/div>\n\t\t<\/div>\n\t\t\t\t<div class=\"elementor-column elementor-col-33 elementor-top-column elementor-element elementor-element-2df6f88\" data-id=\"2df6f88\" data-element_type=\"column\" data-e-type=\"column\">\n\t\t\t<div class=\"elementor-widget-wrap elementor-element-populated\">\n\t\t\t\t\t\t<div class=\"elementor-element elementor-element-0bf3623 elementor-widget elementor-widget-spacer\" data-id=\"0bf3623\" data-element_type=\"widget\" data-e-type=\"widget\" data-widget_type=\"spacer.default\">\n\t\t\t\t<div class=\"elementor-widget-container\">\n\t\t\t\t\t\t\t<div class=\"elementor-spacer\">\n\t\t\t<div class=\"elementor-spacer-inner\"><\/div>\n\t\t<\/div>\n\t\t\t\t\t\t<\/div>\n\t\t\t\t<\/div>\n\t\t\t\t<div class=\"elementor-element elementor-element-05315c3 elementor-widget elementor-widget-heading\" data-id=\"05315c3\" data-element_type=\"widget\" data-e-type=\"widget\" data-widget_type=\"heading.default\">\n\t\t\t\t<div class=\"elementor-widget-container\">\n\t\t\t\t\t<h2 class=\"elementor-heading-title elementor-size-default\">\nREGISTREERI KERGETTEV\u00d5TJAKS<\/h2>\t\t\t\t<\/div>\n\t\t\t\t<\/div>\n\t\t\t\t<div class=\"elementor-element elementor-element-bf0b962 elementor-widget elementor-widget-spacer\" data-id=\"bf0b962\" data-element_type=\"widget\" data-e-type=\"widget\" data-widget_type=\"spacer.default\">\n\t\t\t\t<div class=\"elementor-widget-container\">\n\t\t\t\t\t\t\t<div class=\"elementor-spacer\">\n\t\t\t<div class=\"elementor-spacer-inner\"><\/div>\n\t\t<\/div>\n\t\t\t\t\t\t<\/div>\n\t\t\t\t<\/div>\n\t\t\t\t<div class=\"elementor-element elementor-element-7f24eba stax-condition-yes stax-user_role_enabled-yes elementor-widget elementor-widget-shortcode\" data-id=\"7f24eba\" data-element_type=\"widget\" data-e-type=\"widget\" data-widget_type=\"shortcode.default\">\n\t\t\t\t<div class=\"elementor-widget-container\">\n\t\t\t\t\t\t\t<div class=\"elementor-shortcode\"><div class=\"frm_forms  with_frm_style frm_style_formidable-style\" id=\"frm_form_16_container\" data-token=\"4bbcd2686aebbd7598f8916792ad63e5\">\n<form enctype=\"multipart\/form-data\" method=\"post\" class=\"frm-show-form  frm_ajax_submit  frm_pro_form \" id=\"form_liitumine\" data-token=\"4bbcd2686aebbd7598f8916792ad63e5\">\n<div class=\"frm_form_fields \">\n<fieldset>\n<legend class=\"frm_screen_reader\">3 Liitumine<\/legend>\r\n\r\n<div class=\"frm_fields_container\">\n<input type=\"hidden\" name=\"frm_action\" value=\"create\" \/>\n<input type=\"hidden\" name=\"form_id\" value=\"16\" \/>\n<input type=\"hidden\" name=\"frm_hide_fields_16\" id=\"frm_hide_fields_16\" value=\"\" \/>\n<input type=\"hidden\" name=\"form_key\" value=\"liitumine\" \/>\n<input type=\"hidden\" name=\"item_meta[0]\" value=\"\" \/>\n<input type=\"hidden\" id=\"frm_submit_entry_16\" name=\"frm_submit_entry_16\" value=\"68fc13b46b\" \/><input type=\"hidden\" name=\"_wp_http_referer\" value=\"\/ru\/wp-json\/wp\/v2\/pages\/1244\" \/><div id=\"frm_field_405_container\" class=\"frm_form_field frm_section_heading form-field  frm_color_block\">\r\n<h3 class=\"frm_pos_top frm_section_spacing\"><\/h3>\r\n\r\n\r\n<div id=\"frm_field_284_container\" class=\"frm_form_field form-field  frm_required_field frm_left_container frm12 frm_first\">\r\n    <label for=\"field_yc3un\" id=\"field_yc3un_label\" class=\"frm_primary_label\">Eesnimi\r\n        <span class=\"frm_required\" aria-hidden=\"true\">*<\/span>\r\n    <\/label>\r\n    <input  type=\"text\" id=\"field_yc3un\" name=\"item_meta[284]\" value=\"\"  data-sectionid=\"405\"  data-reqmsg=\"Eesnimi cannot be blank.\" aria-required=\"true\" data-invmsg=\"Text is invalid\" aria-invalid=\"false\"   \/>\r\n    \r\n    \r\n<\/div>\n<div id=\"frm_field_283_container\" class=\"frm_form_field form-field  frm_required_field frm_left_container frm12 frm_first\">\r\n    <label for=\"field_aaxwt\" id=\"field_aaxwt_label\" class=\"frm_primary_label\">Perekonnanimi\r\n        <span class=\"frm_required\" aria-hidden=\"true\">*<\/span>\r\n    <\/label>\r\n    <input  type=\"text\" id=\"field_aaxwt\" name=\"item_meta[283]\" value=\"\"  data-reqmsg=\"Perekonnanimi cannot be blank.\" aria-required=\"true\" data-invmsg=\"Text is invalid\" aria-invalid=\"false\"   \/>\r\n    \r\n    \r\n<\/div>\n<div id=\"frm_field_545_container\" class=\"frm_form_field  frm_html_container form-field\">\n<p><strong>Palun lisage <span style=\"color: #ff0000;\">SOOME ISIKUKOOD<\/span>!<\/strong><\/p>\n<\/div>\n<div id=\"frm_field_285_container\" class=\"frm_form_field form-field  frm_required_field frm_left_container frm12 frm_first\">\r\n    <label for=\"field_vdoua\" id=\"field_vdoua_label\" class=\"frm_primary_label\">Soome Isikukood\r\n        <span class=\"frm_required\" aria-hidden=\"true\">*<\/span>\r\n    <\/label>\r\n    <input  type=\"text\" id=\"field_vdoua\" name=\"item_meta[285]\" value=\"\"  data-sectionid=\"405\"  data-reqmsg=\"Soome Isikukood cannot be blank.\" aria-required=\"true\" data-invmsg=\"Text is invalid\" aria-invalid=\"false\"   \/>\r\n    \r\n    \r\n<\/div>\n<div id=\"frm_field_286_container\" class=\"frm_form_field form-field  frm_required_field frm_left_container frm12 frm_first\">\r\n    <label for=\"field_tbymd\" id=\"field_tbymd_label\" class=\"frm_primary_label\">S\u00fcnniaeg\r\n        <span class=\"frm_required\" aria-hidden=\"true\">*<\/span>\r\n    <\/label>\r\n    <input type=\"text\" id=\"field_tbymd\" name=\"item_meta[286]\" value=\"\"  data-sectionid=\"405\"  maxlength=\"10\" data-reqmsg=\"Antud v\u00e4li peab olema t\u00e4idetud\" aria-required=\"true\" data-invmsg=\"Date is invalid\" class=\"frm_date\" aria-invalid=\"false\"  \/>\r\n    \r\n    \r\n<\/div>\n<div id=\"frm_field_287_container\" class=\"frm_form_field form-field  frm_required_field frm_left_container frm12 frm_first\">\r\n    <label for=\"field_nyk6h\" id=\"field_nyk6h_label\" class=\"frm_primary_label\">Telefoni number\r\n        <span class=\"frm_required\" aria-hidden=\"true\">*<\/span>\r\n    <\/label>\r\n    <input type=\"tel\" id=\"field_nyk6h\" name=\"item_meta[287]\" value=\"\"  data-sectionid=\"405\"  data-reqmsg=\"Telefoni number cannot be blank.\" aria-required=\"true\" data-invmsg=\"Phone is invalid\" aria-invalid=\"false\" pattern=\"((\\+\\d{1,3}(-|.| )?\\(?\\d\\)?(-| |.)?\\d{1,5})|(\\(?\\d{2,6}\\)?))(-|.| )?(\\d{3,4})(-|.| )?(\\d{4})(( x| ext)\\d{1,5}){0,1}$\"  \/>\r\n    \r\n    \r\n<\/div>\n<div id=\"frm_field_288_container\" class=\"frm_form_field form-field  frm_required_field frm_left_container frm12 frm_first\">\r\n    <label for=\"field_szk83\" id=\"field_szk83_label\" class=\"frm_primary_label\">E-mail\r\n        <span class=\"frm_required\" aria-hidden=\"true\">*<\/span>\r\n    <\/label>\r\n    <input type=\"email\" id=\"field_szk83\" name=\"item_meta[288]\" value=\"\"  data-reqmsg=\"E-mail cannot be blank.\" aria-required=\"true\" data-invmsg=\"Email is invalid\" aria-invalid=\"false\"  \/>\r\n    \r\n    \r\n<\/div>\n<div id=\"frm_field_294_container\" class=\"frm_form_field form-field  frm_required_field frm_left_container frm12 frm_first\">\r\n    <label for=\"field_ipw5z\" id=\"field_ipw5z_label\" class=\"frm_primary_label\">Pangakonto nr\r\n        <span class=\"frm_required\" aria-hidden=\"true\">*<\/span>\r\n    <\/label>\r\n    <input  type=\"text\" id=\"field_ipw5z\" name=\"item_meta[294]\" value=\"\"  maxlength=\"34\" data-reqmsg=\"Pangakonto nr cannot be blank.\" aria-required=\"true\" data-invmsg=\"Enter only letters and number, do not add space or special characters\" aria-invalid=\"false\" pattern=\"([a-zA-Z0-9]{18,34})$\"   \/>\r\n    \r\n    \r\n<\/div>\n<div id=\"frm_field_289_container\" class=\"frm_form_field form-field  frm_required_field frm_left_container frm12 frm_first\">\r\n    <label for=\"field_39i3s\" id=\"field_39i3s_label\" class=\"frm_primary_label\">Aadress\r\n        <span class=\"frm_required\" aria-hidden=\"true\">*<\/span>\r\n    <\/label>\r\n    <input  type=\"text\" id=\"field_39i3s\" name=\"item_meta[289]\" value=\"\"  data-sectionid=\"405\"  data-reqmsg=\"Aadress cannot be blank.\" aria-required=\"true\" data-invmsg=\"Paragraph is invalid\" aria-invalid=\"false\"   \/>\r\n    \r\n    \r\n<\/div>\n<div id=\"frm_field_502_container\" class=\"frm_form_field form-field  frm_required_field frm_top_container frm5 frm_first vertical_radio\">\r\n    <div  id=\"field_q6eb7_label\" class=\"frm_primary_label\">N\u00f5usolekud\r\n        <span class=\"frm_required\" aria-hidden=\"true\">*<\/span>\r\n    <\/div>\r\n    <div class=\"frm_opt_container\" aria-labelledby=\"field_q6eb7_label\" role=\"group\">\t\t<div class=\"frm_checkbox\" id=\"frm_checkbox_502-405-0\">\t\t\t<label  for=\"field_q6eb7-0\">\n\t\t\t<input type=\"checkbox\" name=\"item_meta[502][]\" id=\"field_q6eb7-0\" value=\"N\u00f5ustun MR Lasku OY kodulehe tingimustega\"  data-sectionid=\"405\"  data-reqmsg=\"Liitumiseks peate n\u00f5ustuma tingimustega\" data-invmsg=\"N\u00f5usolekud \u043d\u0435\u0434\u0435\u0439\u0441\u0442\u0432\u0438\u0442\u0435\u043b\u0435\u043d\"   aria-required=\"true\"  \/> N\u00f5ustun MR Lasku OY kodulehe tingimustega<\/label><\/div>\n\t\t<div class=\"frm_checkbox\" id=\"frm_checkbox_502-405-1\">\t\t\t<label  for=\"field_q6eb7-1\">\n\t\t\t<input type=\"checkbox\" name=\"item_meta[502][]\" id=\"field_q6eb7-1\" value=\"N\u00f5ustun isikuandmete t\u00f6\u00f6tlemisega\"  data-sectionid=\"405\"  data-reqmsg=\"Liitumiseks peate n\u00f5ustuma tingimustega\" data-invmsg=\"N\u00f5usolekud \u043d\u0435\u0434\u0435\u0439\u0441\u0442\u0432\u0438\u0442\u0435\u043b\u0435\u043d\"   \/> N\u00f5ustun isikuandmete t\u00f6\u00f6tlemisega<\/label><\/div>\n<\/div>\r\n    \r\n    \r\n<\/div>\n<div id=\"frm_field_510_container\" class=\"frm_form_field  frm6 frm_html_container form-field\">&nbsp;<br \/>\n<a href=\"https:\/\/mrlasku.fi\/tingimused\/\">\u00a0(MR Lasku OY kodulehe tingimused)<\/a><br \/>\n<a href=\"https:\/\/mrlasku.fi\/privaatsuspoliitika\/\">\u00a0(Isikuandmete t\u00f6\u00f6tlemine kodulehel)<\/a><\/p>\n<p>&nbsp;<\/p><\/div>\n<div id=\"frm_field_499_container\" class=\"frm_form_field form-field  frm_required_field frm_left_container frm_half\">\r\n    <label for=\"field_7vdf1\" id=\"field_7vdf1_label\" class=\"frm_primary_label\">Parool\r\n        <span class=\"frm_required\" aria-hidden=\"true\">*<\/span>\r\n    <\/label>\r\n    <input type=\"password\" id=\"field_7vdf1\" name=\"item_meta[499]\" value=\"\"  data-sectionid=\"405\"  data-reqmsg=\"Antud v\u00e4li peab olema t\u00e4idetud\" aria-required=\"true\" data-invmsg=\"Password is invalid\" aria-invalid=\"false\"  \/>\r\n    \r\n    \r\n<\/div>\n<div id=\"frm_field_conf_499_container\" class=\"frm_form_field frm_hidden_container frm_conf_field form-field  frm_required_field frm_left_container frm_half\">\r\n    <label for=\"field_conf_7vdf1\" id=\"field_conf_7vdf1_label\" class=\"frm_conf_label frm_primary_label\">\u041f\u043e\u0434\u0442\u0432\u0435\u0440\u0434\u0438\u0442\u044c Parool\r\n        <span class=\"frm_required\" aria-hidden=\"true\">*<\/span>\r\n    <\/label>\r\n    <input type=\"password\" id=\"field_conf_7vdf1\" name=\"item_meta[conf_499]\" value=\"\"  data-sectionid=\"405\"  placeholder=\"Korda parooli\" data-reqmsg=\"Antud v\u00e4li peab olema t\u00e4idetud\" aria-required=\"true\" data-confmsg=\"The entered values do not match\" data-invmsg=\"Password is invalid\" aria-invalid=\"false\"  \/>\r\n    \r\n    \r\n<\/div>\n<\/div>\n\t\t<input  type=\"hidden\" name=\"item_meta[508]\" id=\"field_umc8f\" value=\"60\"  data-frmval=\"60\"   \/>\n\t\t<input type=\"hidden\" name=\"item_meta[302]\" id=\"field_q2waf\" value=\"\" data-frmval=\"\"\/>\n\t<input type=\"hidden\" name=\"item_key\" value=\"\" \/>\n\t<input type=\"hidden\" name=\"frm_register[email]\" value=\"288\"\/>\n<input type=\"hidden\" name=\"frm_register[username]\" value=\"-1\"\/>\n<input type=\"hidden\" name=\"frm_register[password]\" value=\"499\"\/>\n<input type=\"hidden\" name=\"frm_register[subsite_title]\" value=\"username\"\/>\n<input type=\"hidden\" name=\"frm_register[subsite_domain]\" value=\"blog_title\"\/>\n<input name=\"frm_state\" type=\"hidden\" value=\"Eri3IzRyVITFzRUgYylx+eSXEfYMIroIeq0+bIw\/miA=\" \/><div class=\"frm_submit\">\r\n\r\n<button class=\"frm_button_submit frm_final_submit\" type=\"submit\"   formnovalidate=\"formnovalidate\">Saada<\/button>\r\n\r\n\r\n<\/div><\/div>\n<\/fieldset>\n<\/div>\n\n<\/form>\n<\/div>\n<\/div>\n\t\t\t\t\t\t<\/div>\n\t\t\t\t<\/div>\n\t\t\t\t\t<\/div>\n\t\t<\/div>\n\t\t\t\t<div class=\"elementor-column elementor-col-33 elementor-top-column elementor-element elementor-element-89e15b1\" data-id=\"89e15b1\" data-element_type=\"column\" data-e-type=\"column\">\n\t\t\t<div class=\"elementor-widget-wrap\">\n\t\t\t\t\t\t\t<\/div>\n\t\t<\/div>\n\t\t\t\t\t<\/div>\n\t\t<\/section>\n\t\t\t\t<section class=\"elementor-section elementor-top-section elementor-element elementor-element-4123e08 elementor-section-boxed elementor-section-height-default elementor-section-height-default\" data-id=\"4123e08\" data-element_type=\"section\" data-e-type=\"section\">\n\t\t\t\t\t\t<div class=\"elementor-container elementor-column-gap-default\">\n\t\t\t\t\t<div class=\"elementor-column elementor-col-100 elementor-top-column elementor-element elementor-element-b1306eb\" data-id=\"b1306eb\" data-element_type=\"column\" data-e-type=\"column\">\n\t\t\t<div class=\"elementor-widget-wrap elementor-element-populated\">\n\t\t\t\t\t\t<div class=\"elementor-element elementor-element-831ef99 elementor-widget elementor-widget-spacer\" data-id=\"831ef99\" data-element_type=\"widget\" data-e-type=\"widget\" data-widget_type=\"spacer.default\">\n\t\t\t\t<div class=\"elementor-widget-container\">\n\t\t\t\t\t\t\t<div class=\"elementor-spacer\">\n\t\t\t<div class=\"elementor-spacer-inner\"><\/div>\n\t\t<\/div>\n\t\t\t\t\t\t<\/div>\n\t\t\t\t<\/div>\n\t\t\t\t\t<\/div>\n\t\t<\/div>\n\t\t\t\t\t<\/div>\n\t\t<\/section>\n\t\t\t\t<\/div>\n\t\t","protected":false},"excerpt":{"rendered":"<p>\u0417\u0410\u0420\u0415\u0413\u0418\u0421\u0422\u0420\u0418\u0420\u041e\u0412\u0410\u0422\u042c\u0421\u042f \u0412 \u041a\u0410\u0427\u0415\u0421\u0422\u0412\u0415 \u041b\u0415\u0413\u041a\u041e\u0413\u041e \u041f\u0420\u0415\u0414\u041f\u0420\u0418\u041d\u0418\u041c\u0410\u0422\u0415\u041b\u042c\u0421\u0422\u0412\u0410<\/p>","protected":false},"author":1,"featured_media":0,"parent":0,"menu_order":0,"comment_status":"closed","ping_status":"closed","template":"elementor_header_footer","meta":{"footnotes":""},"class_list":["post-1244","page","type-page","status-publish","hentry"],"_links":{"self":[{"href":"https:\/\/mrlasku.fi\/ru\/wp-json\/wp\/v2\/pages\/1244","targetHints":{"allow":["GET"]}}],"collection":[{"href":"https:\/\/mrlasku.fi\/ru\/wp-json\/wp\/v2\/pages"}],"about":[{"href":"https:\/\/mrlasku.fi\/ru\/wp-json\/wp\/v2\/types\/page"}],"author":[{"embeddable":true,"href":"https:\/\/mrlasku.fi\/ru\/wp-json\/wp\/v2\/users\/1"}],"replies":[{"embeddable":true,"href":"https:\/\/mrlasku.fi\/ru\/wp-json\/wp\/v2\/comments?post=1244"}],"version-history":[{"count":3,"href":"https:\/\/mrlasku.fi\/ru\/wp-json\/wp\/v2\/pages\/1244\/revisions"}],"predecessor-version":[{"id":4754,"href":"https:\/\/mrlasku.fi\/ru\/wp-json\/wp\/v2\/pages\/1244\/revisions\/4754"}],"wp:attachment":[{"href":"https:\/\/mrlasku.fi\/ru\/wp-json\/wp\/v2\/media?parent=1244"}],"curies":[{"name":"wp","href":"https:\/\/api.w.org\/{rel}","templated":true}]}}