{"id":2246,"date":"2023-01-09T11:08:28","date_gmt":"2023-01-09T09:08:28","guid":{"rendered":"https:\/\/mrlasku.fi\/?page_id=2246"},"modified":"2023-10-20T09:17:46","modified_gmt":"2023-10-20T07:17:46","slug":"blogi","status":"publish","type":"page","link":"https:\/\/mrlasku.fi\/ru\/blogi\/","title":{"rendered":"\u0411\u043b\u043e\u0433"},"content":{"rendered":"<div data-elementor-type=\"wp-page\" data-elementor-id=\"2246\" class=\"elementor elementor-2246\" data-elementor-post-type=\"page\">\n\t\t\t\t\t\t<section class=\"elementor-section elementor-top-section elementor-element elementor-element-15558ac elementor-section-boxed elementor-section-height-default elementor-section-height-default\" data-id=\"15558ac\" data-element_type=\"section\" data-e-type=\"section\">\n\t\t\t\t\t\t<div class=\"elementor-container elementor-column-gap-default\">\n\t\t\t\t\t<div class=\"elementor-column elementor-col-100 elementor-top-column elementor-element elementor-element-128e819\" data-id=\"128e819\" data-element_type=\"column\" data-e-type=\"column\">\n\t\t\t<div class=\"elementor-widget-wrap elementor-element-populated\">\n\t\t\t\t\t\t<div class=\"elementor-element elementor-element-6246911 elementor-widget elementor-widget-spacer\" data-id=\"6246911\" data-element_type=\"widget\" data-e-type=\"widget\" data-widget_type=\"spacer.default\">\n\t\t\t\t<div class=\"elementor-widget-container\">\n\t\t\t\t\t\t\t<div class=\"elementor-spacer\">\n\t\t\t<div class=\"elementor-spacer-inner\"><\/div>\n\t\t<\/div>\n\t\t\t\t\t\t<\/div>\n\t\t\t\t<\/div>\n\t\t\t\t\t<\/div>\n\t\t<\/div>\n\t\t\t\t\t<\/div>\n\t\t<\/section>\n\t\t\t\t<section class=\"elementor-section elementor-top-section elementor-element elementor-element-8ecfd3d elementor-section-boxed elementor-section-height-default elementor-section-height-default\" data-id=\"8ecfd3d\" data-element_type=\"section\" data-e-type=\"section\">\n\t\t\t\t\t\t<div class=\"elementor-container elementor-column-gap-default\">\n\t\t\t\t\t<div class=\"elementor-column elementor-col-100 elementor-top-column elementor-element elementor-element-18b5a22\" data-id=\"18b5a22\" data-element_type=\"column\" data-e-type=\"column\">\n\t\t\t<div class=\"elementor-widget-wrap elementor-element-populated\">\n\t\t\t\t\t\t<div class=\"elementor-element elementor-element-70fb3b5 elementor-widget elementor-widget-heading\" data-id=\"70fb3b5\" data-element_type=\"widget\" data-e-type=\"widget\" data-widget_type=\"heading.default\">\n\t\t\t\t<div class=\"elementor-widget-container\">\n\t\t\t\t\t<h2 class=\"elementor-heading-title elementor-size-default\">\u041f\u041e\u041b\u0415\u0417\u041d\u041e\u0415 \u0427\u0422\u0415\u041d\u0418\u0415<\/h2>\t\t\t\t<\/div>\n\t\t\t\t<\/div>\n\t\t\t\t<div class=\"elementor-element elementor-element-4ae6953 elementor-widget elementor-widget-spacer\" data-id=\"4ae6953\" data-element_type=\"widget\" data-e-type=\"widget\" data-widget_type=\"spacer.default\">\n\t\t\t\t<div class=\"elementor-widget-container\">\n\t\t\t\t\t\t\t<div class=\"elementor-spacer\">\n\t\t\t<div class=\"elementor-spacer-inner\"><\/div>\n\t\t<\/div>\n\t\t\t\t\t\t<\/div>\n\t\t\t\t<\/div>\n\t\t\t\t\t<\/div>\n\t\t<\/div>\n\t\t\t\t\t<\/div>\n\t\t<\/section>\n\t\t\t\t<section class=\"elementor-section elementor-top-section elementor-element elementor-element-db8ec90 elementor-section-boxed elementor-section-height-default elementor-section-height-default\" data-id=\"db8ec90\" data-element_type=\"section\" data-e-type=\"section\">\n\t\t\t\t\t\t<div class=\"elementor-container elementor-column-gap-default\">\n\t\t\t\t\t<div class=\"elementor-column elementor-col-50 elementor-top-column elementor-element elementor-element-a5b27c9\" data-id=\"a5b27c9\" data-element_type=\"column\" data-e-type=\"column\">\n\t\t\t<div class=\"elementor-widget-wrap elementor-element-populated\">\n\t\t\t\t\t\t<div class=\"elementor-element elementor-element-198063c elementor-position-top elementor-widget elementor-widget-image-box\" data-id=\"198063c\" data-element_type=\"widget\" data-e-type=\"widget\" data-widget_type=\"image-box.default\">\n\t\t\t\t<div class=\"elementor-widget-container\">\n\t\t\t\t\t<div class=\"elementor-image-box-wrapper\"><figure class=\"elementor-image-box-img\"><img decoding=\"async\" src=\"https:\/\/mrlasku.fi\/wp-content\/uploads\/2023\/01\/Raamatupidamine-soomes_mrlaskuoy.jpg\" title=\"Raamatupidamine soomes_mrlaskuoy\" alt=\"Raamatupidamine soomes_mrlaskuoy\" loading=\"lazy\" \/><\/figure><div class=\"elementor-image-box-content\"><h3 class=\"elementor-image-box-title\">\u041b\u0415\u0413\u041a\u0418\u0419 \u041f\u0420\u0415\u0414\u041f\u0420\u0418\u041d\u0418\u041c\u0410\u0422\u0415\u041b\u042c<\/h3><p class=\"elementor-image-box-description\">\u0417\u0410\u041a\u041e\u041d\u041e\u0414\u0410\u0422\u0415\u041b\u042c\u0421\u0422\u0412\u041e<\/p><\/div><\/div>\t\t\t\t<\/div>\n\t\t\t\t<\/div>\n\t\t\t\t\t<\/div>\n\t\t<\/div>\n\t\t\t\t<div class=\"elementor-column elementor-col-50 elementor-top-column elementor-element elementor-element-12ffaf7\" data-id=\"12ffaf7\" data-element_type=\"column\" data-e-type=\"column\">\n\t\t\t<div class=\"elementor-widget-wrap elementor-element-populated\">\n\t\t\t\t\t\t<div class=\"elementor-element elementor-element-8c7d739 elementor-position-top elementor-widget elementor-widget-image-box\" data-id=\"8c7d739\" data-element_type=\"widget\" data-e-type=\"widget\" data-widget_type=\"image-box.default\">\n\t\t\t\t<div class=\"elementor-widget-container\">\n\t\t\t\t\t<div class=\"elementor-image-box-wrapper\"><figure class=\"elementor-image-box-img\"><a href=\"https:\/\/www.lahitapiola.fi\/henkilo\/hae-korvausta\/henkilo\/tapaturma\" tabindex=\"-1\"><img fetchpriority=\"high\" decoding=\"async\" width=\"1200\" height=\"630\" src=\"https:\/\/mrlasku.fi\/wp-content\/uploads\/2023\/01\/Tapaturma_mrlaskuoy.png\" class=\"attachment-full size-full wp-image-2425\" alt=\"\" srcset=\"https:\/\/mrlasku.fi\/wp-content\/uploads\/2023\/01\/Tapaturma_mrlaskuoy.png 1200w, https:\/\/mrlasku.fi\/wp-content\/uploads\/2023\/01\/Tapaturma_mrlaskuoy-300x158.png 300w, https:\/\/mrlasku.fi\/wp-content\/uploads\/2023\/01\/Tapaturma_mrlaskuoy-1024x538.png 1024w, https:\/\/mrlasku.fi\/wp-content\/uploads\/2023\/01\/Tapaturma_mrlaskuoy-768x403.png 768w, https:\/\/mrlasku.fi\/wp-content\/uploads\/2023\/01\/Tapaturma_mrlaskuoy-18x9.png 18w, https:\/\/mrlasku.fi\/wp-content\/uploads\/2023\/01\/Tapaturma_mrlaskuoy-600x315.png 600w\" sizes=\"(max-width: 1200px) 100vw, 1200px\" \/><\/a><\/figure><div class=\"elementor-image-box-content\"><h3 class=\"elementor-image-box-title\"><a href=\"https:\/\/www.lahitapiola.fi\/henkilo\/hae-korvausta\/henkilo\/tapaturma\">\u0410\u0412\u0410\u0420\u0418\u042f \u0432\u043e\u0437\u043c\u043e\u0436\u043d\u043e <\/a><\/h3><p class=\"elementor-image-box-description\">\u0421\u0422\u0420\u0410\u0425\u041e\u0412\u0410\u041d\u0418\u0415 \u041e\u0422 \u041d\u0415\u0421\u0427\u0410\u0421\u0422\u041d\u042b\u0425 \u0421\u041b\u0423\u0427\u0410\u0415\u0412<\/p><\/div><\/div>\t\t\t\t<\/div>\n\t\t\t\t<\/div>\n\t\t\t\t\t<\/div>\n\t\t<\/div>\n\t\t\t\t\t<\/div>\n\t\t<\/section>\n\t\t\t\t<section class=\"elementor-section elementor-top-section elementor-element elementor-element-12675b6 elementor-section-boxed elementor-section-height-default elementor-section-height-default\" data-id=\"12675b6\" data-element_type=\"section\" data-e-type=\"section\">\n\t\t\t\t\t\t<div class=\"elementor-container elementor-column-gap-default\">\n\t\t\t\t\t<div class=\"elementor-column elementor-col-50 elementor-top-column elementor-element elementor-element-8db53a5\" data-id=\"8db53a5\" data-element_type=\"column\" data-e-type=\"column\">\n\t\t\t<div class=\"elementor-widget-wrap elementor-element-populated\">\n\t\t\t\t\t\t<div class=\"elementor-element elementor-element-a77712c elementor-position-top elementor-widget elementor-widget-image-box\" data-id=\"a77712c\" data-element_type=\"widget\" data-e-type=\"widget\" data-widget_type=\"image-box.default\">\n\t\t\t\t<div class=\"elementor-widget-container\">\n\t\t\t\t\t<div class=\"elementor-image-box-wrapper\"><figure class=\"elementor-image-box-img\"><a href=\"https:\/\/www.vero.fi\/henkiloasiakkaat\/verokortti-ja-veroilmoitus\/verokortti\/\" tabindex=\"-1\"><img decoding=\"async\" width=\"800\" height=\"460\" src=\"https:\/\/mrlasku.fi\/wp-content\/uploads\/2023\/01\/Verokortti_mrlaskuoy.png\" class=\"attachment-full size-full wp-image-2426\" alt=\"\" srcset=\"https:\/\/mrlasku.fi\/wp-content\/uploads\/2023\/01\/Verokortti_mrlaskuoy.png 800w, https:\/\/mrlasku.fi\/wp-content\/uploads\/2023\/01\/Verokortti_mrlaskuoy-300x173.png 300w, https:\/\/mrlasku.fi\/wp-content\/uploads\/2023\/01\/Verokortti_mrlaskuoy-768x442.png 768w, https:\/\/mrlasku.fi\/wp-content\/uploads\/2023\/01\/Verokortti_mrlaskuoy-18x10.png 18w, https:\/\/mrlasku.fi\/wp-content\/uploads\/2023\/01\/Verokortti_mrlaskuoy-600x345.png 600w\" sizes=\"(max-width: 800px) 100vw, 800px\" \/><\/a><\/figure><div class=\"elementor-image-box-content\"><h3 class=\"elementor-image-box-title\"><a href=\"https:\/\/www.vero.fi\/henkiloasiakkaat\/verokortti-ja-veroilmoitus\/verokortti\/\">\u041d\u0410\u041b\u041e\u0413\u041e\u0412\u0410\u042f \u041f\u0420\u0410\u0412\u0418\u041b\u042c\u041d\u041e\u0421\u0422\u042c, \u0442.\u0435.<\/a><\/h3><p class=\"elementor-image-box-description\">\u041d\u0410\u041b\u041e\u0413\u041e\u0412\u0410\u042f \u041a\u0410\u0420\u0422\u0410<\/p><\/div><\/div>\t\t\t\t<\/div>\n\t\t\t\t<\/div>\n\t\t\t\t\t<\/div>\n\t\t<\/div>\n\t\t\t\t<div class=\"elementor-column elementor-col-50 elementor-top-column elementor-element elementor-element-a10ed0a\" data-id=\"a10ed0a\" data-element_type=\"column\" data-e-type=\"column\">\n\t\t\t<div class=\"elementor-widget-wrap elementor-element-populated\">\n\t\t\t\t\t\t<div class=\"elementor-element elementor-element-bb24d0b elementor-position-top elementor-widget elementor-widget-image-box\" data-id=\"bb24d0b\" data-element_type=\"widget\" data-e-type=\"widget\" data-widget_type=\"image-box.default\">\n\t\t\t\t<div class=\"elementor-widget-container\">\n\t\t\t\t\t<div class=\"elementor-image-box-wrapper\"><figure class=\"elementor-image-box-img\"><a href=\"https:\/\/www.elo.fi\/\" tabindex=\"-1\"><img decoding=\"async\" width=\"1200\" height=\"800\" src=\"https:\/\/mrlasku.fi\/wp-content\/uploads\/2023\/01\/YEL_pension_mr_laskuoy.jpg\" class=\"attachment-full size-full wp-image-2427\" alt=\"\" srcset=\"https:\/\/mrlasku.fi\/wp-content\/uploads\/2023\/01\/YEL_pension_mr_laskuoy.jpg 1200w, https:\/\/mrlasku.fi\/wp-content\/uploads\/2023\/01\/YEL_pension_mr_laskuoy-300x200.jpg 300w, https:\/\/mrlasku.fi\/wp-content\/uploads\/2023\/01\/YEL_pension_mr_laskuoy-1024x683.jpg 1024w, https:\/\/mrlasku.fi\/wp-content\/uploads\/2023\/01\/YEL_pension_mr_laskuoy-768x512.jpg 768w, https:\/\/mrlasku.fi\/wp-content\/uploads\/2023\/01\/YEL_pension_mr_laskuoy-18x12.jpg 18w, https:\/\/mrlasku.fi\/wp-content\/uploads\/2023\/01\/YEL_pension_mr_laskuoy-600x400.jpg 600w\" sizes=\"(max-width: 1200px) 100vw, 1200px\" \/><\/a><\/figure><div class=\"elementor-image-box-content\"><h3 class=\"elementor-image-box-title\"><a href=\"https:\/\/www.elo.fi\/\">YEL \u0432\u043e\u0437\u043c\u043e\u0436\u043d\u043e<\/a><\/h3><p class=\"elementor-image-box-description\">\u041f\u0415\u041d\u0421\u0418\u041e\u041d\u041d\u041e\u0415 \u0421\u0422\u0420\u0410\u0425\u041e\u0412\u0410\u041d\u0418\u0415 <\/p><\/div><\/div>\t\t\t\t<\/div>\n\t\t\t\t<\/div>\n\t\t\t\t\t<\/div>\n\t\t<\/div>\n\t\t\t\t\t<\/div>\n\t\t<\/section>\n\t\t\t\t<section class=\"elementor-section elementor-top-section elementor-element elementor-element-1d56692 elementor-section-boxed elementor-section-height-default elementor-section-height-default\" data-id=\"1d56692\" data-element_type=\"section\" data-e-type=\"section\">\n\t\t\t\t\t\t<div class=\"elementor-container elementor-column-gap-default\">\n\t\t\t\t\t<div class=\"elementor-column elementor-col-50 elementor-top-column elementor-element elementor-element-9fe9db5\" data-id=\"9fe9db5\" data-element_type=\"column\" data-e-type=\"column\">\n\t\t\t<div class=\"elementor-widget-wrap elementor-element-populated\">\n\t\t\t\t\t\t<div class=\"elementor-element elementor-element-1b4588d elementor-position-top elementor-widget elementor-widget-image-box\" data-id=\"1b4588d\" data-element_type=\"widget\" data-e-type=\"widget\" data-widget_type=\"image-box.default\">\n\t\t\t\t<div class=\"elementor-widget-container\">\n\t\t\t\t\t<div class=\"elementor-image-box-wrapper\"><figure class=\"elementor-image-box-img\"><a href=\"https:\/\/www.vastuugroup.fi\/fi-et\/meie-teenused\/valtti-kaart\" tabindex=\"-1\"><img loading=\"lazy\" decoding=\"async\" width=\"282\" height=\"179\" src=\"https:\/\/mrlasku.fi\/wp-content\/uploads\/2023\/01\/Valttikortti_Mr_Lasku.png\" class=\"attachment-full size-full wp-image-2424\" alt=\"\" srcset=\"https:\/\/mrlasku.fi\/wp-content\/uploads\/2023\/01\/Valttikortti_Mr_Lasku.png 282w, https:\/\/mrlasku.fi\/wp-content\/uploads\/2023\/01\/Valttikortti_Mr_Lasku-18x12.png 18w\" sizes=\"(max-width: 282px) 100vw, 282px\" \/><\/a><\/figure><div class=\"elementor-image-box-content\"><h3 class=\"elementor-image-box-title\"><a href=\"https:\/\/www.vastuugroup.fi\/fi-et\/meie-teenused\/valtti-kaart\">\u0412\u0410\u041b\u0422\u0422\u0418\u041a\u041e\u0420\u0422\u0422\u0418 \u0442.\u0435.<\/a><\/h3><p class=\"elementor-image-box-description\">\u041a\u0410\u0420\u0422\u0410 \u0412\u0410\u041b\u0422\u0422\u0410\n(\u0440\u0430\u0437\u0440\u0435\u0448\u0435\u043d\u0438\u0435 \u043d\u0430 \u0434\u043e\u0441\u0442\u0443\u043f \u043a \u043e\u0431\u044a\u0435\u043a\u0442\u0443 \u0441\u0442\u0440\u043e\u0438\u0442\u0435\u043b\u044c\u0441\u0442\u0432\u0430<\/p><\/div><\/div>\t\t\t\t<\/div>\n\t\t\t\t<\/div>\n\t\t\t\t\t<\/div>\n\t\t<\/div>\n\t\t\t\t<div class=\"elementor-column elementor-col-50 elementor-top-column elementor-element elementor-element-ab954da\" data-id=\"ab954da\" data-element_type=\"column\" data-e-type=\"column\">\n\t\t\t<div class=\"elementor-widget-wrap elementor-element-populated\">\n\t\t\t\t\t\t<div class=\"elementor-element elementor-element-171be20 elementor-position-top elementor-widget elementor-widget-image-box\" data-id=\"171be20\" data-element_type=\"widget\" data-e-type=\"widget\" data-widget_type=\"image-box.default\">\n\t\t\t\t<div class=\"elementor-widget-container\">\n\t\t\t\t\t<div class=\"elementor-image-box-wrapper\"><figure class=\"elementor-image-box-img\"><a href=\"https:\/\/ulosottolaitos.fi\/fi\/\" tabindex=\"-1\"><img loading=\"lazy\" decoding=\"async\" width=\"1184\" height=\"657\" src=\"https:\/\/mrlasku.fi\/wp-content\/uploads\/2023\/01\/ulosatto_mrlasku.jpg\" class=\"attachment-full size-full wp-image-2358\" alt=\"\" srcset=\"https:\/\/mrlasku.fi\/wp-content\/uploads\/2023\/01\/ulosatto_mrlasku.jpg 1184w, https:\/\/mrlasku.fi\/wp-content\/uploads\/2023\/01\/ulosatto_mrlasku-300x166.jpg 300w, https:\/\/mrlasku.fi\/wp-content\/uploads\/2023\/01\/ulosatto_mrlasku-1024x568.jpg 1024w, https:\/\/mrlasku.fi\/wp-content\/uploads\/2023\/01\/ulosatto_mrlasku-768x426.jpg 768w, https:\/\/mrlasku.fi\/wp-content\/uploads\/2023\/01\/ulosatto_mrlasku-18x10.jpg 18w, https:\/\/mrlasku.fi\/wp-content\/uploads\/2023\/01\/ulosatto_mrlasku-600x333.jpg 600w\" sizes=\"(max-width: 1184px) 100vw, 1184px\" \/><\/a><\/figure><div class=\"elementor-image-box-content\"><h3 class=\"elementor-image-box-title\"><a href=\"https:\/\/ulosottolaitos.fi\/fi\/\">ULOSOTTO ehk<\/a><\/h3><p class=\"elementor-image-box-description\">C\u0443\u0434\u0435\u0431\u043d\u044b\u0439 \u043f\u0440\u0438\u0441\u0442\u0430\u0432<\/p><\/div><\/div>\t\t\t\t<\/div>\n\t\t\t\t<\/div>\n\t\t\t\t\t<\/div>\n\t\t<\/div>\n\t\t\t\t\t<\/div>\n\t\t<\/section>\n\t\t\t\t<section class=\"elementor-section elementor-top-section elementor-element elementor-element-241dd35 elementor-section-boxed elementor-section-height-default elementor-section-height-default\" data-id=\"241dd35\" data-element_type=\"section\" data-e-type=\"section\">\n\t\t\t\t\t\t<div class=\"elementor-container elementor-column-gap-default\">\n\t\t\t\t\t<div class=\"elementor-column elementor-col-100 elementor-top-column elementor-element elementor-element-8e5c375\" data-id=\"8e5c375\" data-element_type=\"column\" data-e-type=\"column\">\n\t\t\t<div class=\"elementor-widget-wrap elementor-element-populated\">\n\t\t\t\t\t\t<div class=\"elementor-element elementor-element-8e03ab9 elementor-widget elementor-widget-spacer\" data-id=\"8e03ab9\" data-element_type=\"widget\" data-e-type=\"widget\" data-widget_type=\"spacer.default\">\n\t\t\t\t<div class=\"elementor-widget-container\">\n\t\t\t\t\t\t\t<div class=\"elementor-spacer\">\n\t\t\t<div class=\"elementor-spacer-inner\"><\/div>\n\t\t<\/div>\n\t\t\t\t\t\t<\/div>\n\t\t\t\t<\/div>\n\t\t\t\t\t<\/div>\n\t\t<\/div>\n\t\t\t\t\t<\/div>\n\t\t<\/section>\n\t\t\t\t<\/div>","protected":false},"excerpt":{"rendered":"<p>KASULIKKU LUGEMIST KERGETTEV\u00d5TJA SEADUSANDLUS TAPATURMA ehk \u00d5NNETUSJUHTUMI KINDLUSTUS VEROKORRTI ehk MAKSUKAART YEL ehk PENSIONIKINDLUSTUS VALTTIKORTTI ehk VALTTIKAART (ehitusobjekti p\u00e4\u00e4suluba) ULOSOTTO ehk KOHTUT\u00c4ITUR<\/p>","protected":false},"author":1,"featured_media":0,"parent":0,"menu_order":0,"comment_status":"closed","ping_status":"closed","template":"elementor_header_footer","meta":{"footnotes":""},"class_list":["post-2246","page","type-page","status-publish","hentry"],"_links":{"self":[{"href":"https:\/\/mrlasku.fi\/ru\/wp-json\/wp\/v2\/pages\/2246","targetHints":{"allow":["GET"]}}],"collection":[{"href":"https:\/\/mrlasku.fi\/ru\/wp-json\/wp\/v2\/pages"}],"about":[{"href":"https:\/\/mrlasku.fi\/ru\/wp-json\/wp\/v2\/types\/page"}],"author":[{"embeddable":true,"href":"https:\/\/mrlasku.fi\/ru\/wp-json\/wp\/v2\/users\/1"}],"replies":[{"embeddable":true,"href":"https:\/\/mrlasku.fi\/ru\/wp-json\/wp\/v2\/comments?post=2246"}],"version-history":[{"count":3,"href":"https:\/\/mrlasku.fi\/ru\/wp-json\/wp\/v2\/pages\/2246\/revisions"}],"predecessor-version":[{"id":5134,"href":"https:\/\/mrlasku.fi\/ru\/wp-json\/wp\/v2\/pages\/2246\/revisions\/5134"}],"wp:attachment":[{"href":"https:\/\/mrlasku.fi\/ru\/wp-json\/wp\/v2\/media?parent=2246"}],"curies":[{"name":"wp","href":"https:\/\/api.w.org\/{rel}","templated":true}]}}